{"id":23710,"date":"2022-08-13T20:55:23","date_gmt":"2022-08-13T17:55:23","guid":{"rendered":"https:\/\/art.if.com.tr\/?page_id=23710"},"modified":"2022-08-13T20:55:24","modified_gmt":"2022-08-13T17:55:24","slug":"i-i","status":"publish","type":"page","link":"https:\/\/art.if.com.tr\/?page_id=23710","title":{"rendered":"I-\u0130"},"content":{"rendered":"<div id=\"pl-gb23710-69f74f5e19874\"  class=\"panel-layout\" ><div id=\"pg-gb23710-69f74f5e19874-0\"  class=\"panel-grid panel-no-style\" ><div id=\"pgc-gb23710-69f74f5e19874-0-0\"  class=\"panel-grid-cell panel-grid-cell-empty\" ><\/div><div id=\"pgc-gb23710-69f74f5e19874-0-1\"  class=\"panel-grid-cell\" ><div id=\"panel-gb23710-69f74f5e19874-0-1-0\" class=\"so-panel widget widget_sow-editor panel-first-child panel-last-child\" data-index=\"0\" ><div\n\t\t\t\n\t\t\tclass=\"so-widget-sow-editor so-widget-sow-editor-base\"\n\t\t\t\n\t\t>\n<div class=\"siteorigin-widget-tinymce textwidget\">\n\t<ul class=\"children\">\n<li id=\"category-74\"><a href=\"https:\/\/art.if.com.tr\/?cat=74\">\u0130brahim Balaban<\/a><\/li>\n<li id=\"category-554\"><a href=\"https:\/\/art.if.com.tr\/?cat=554\">\u0130brahim \u00c7ift\u00e7io\u011flu<\/a><\/li>\n<li id=\"category-312\"><a href=\"https:\/\/art.if.com.tr\/?cat=312\">\u0130brahim Deniz Tavl\u0131b\u0131y\u0131k<\/a><\/li>\n<li id=\"category-314\"><a href=\"https:\/\/art.if.com.tr\/?cat=314\">\u0130brahim G\u00fcrsoy<\/a><\/li>\n<li id=\"category-320\"><a href=\"https:\/\/art.if.com.tr\/?cat=320\">\u0130brahim \u00d6ztoprak<\/a><\/li>\n<li id=\"category-555\"><a href=\"https:\/\/art.if.com.tr\/?cat=555\">\u0130brahim Pamuk<\/a><\/li>\n<li id=\"category-556\"><a href=\"https:\/\/art.if.com.tr\/?cat=556\">\u0130brahim Safi<\/a><\/li>\n<li id=\"category-567\"><a href=\"https:\/\/art.if.com.tr\/?cat=567\">\u0130brahim Sefa \u00dcnl\u00fc<\/a><\/li>\n<li id=\"category-223\"><a href=\"https:\/\/art.if.com.tr\/?cat=223\">\u0130brahim Yan\u0131k<\/a><\/li>\n<li id=\"category-557\"><a href=\"https:\/\/art.if.com.tr\/?cat=557\">\u0130hsan \u00c7ak\u0131c\u0131<\/a><\/li>\n<li id=\"category-421\"><a href=\"https:\/\/art.if.com.tr\/?cat=421\">Ilgar Cebrayilov<\/a><\/li>\n<li id=\"category-558\"><a href=\"https:\/\/art.if.com.tr\/?cat=558\">\u0130lhami Atalay<\/a><\/li>\n<li id=\"category-559\"><a href=\"https:\/\/art.if.com.tr\/?cat=559\">\u0130lhan Berk<\/a><\/li>\n<li id=\"category-561\"><a href=\"https:\/\/art.if.com.tr\/?cat=561\">\u0130rem Kurt<\/a><\/li>\n<li id=\"category-560\"><a href=\"https:\/\/art.if.com.tr\/?cat=560\">\u0130rfan \u00d6n\u00fcrmen<\/a><\/li>\n<li id=\"category-562\"><a href=\"https:\/\/art.if.com.tr\/?cat=562\">\u0130rfan Y\u0131lmaz<\/a><\/li>\n<li id=\"category-565\"><a href=\"https:\/\/art.if.com.tr\/?cat=565\">I\u015f\u0131l \u00d6z\u0131\u015f\u0131k<\/a><\/li>\n<li id=\"category-563\"><a href=\"https:\/\/art.if.com.tr\/?cat=563\">\u0130smail Alt\u0131nok<\/a><\/li>\n<li id=\"category-564\"><a href=\"https:\/\/art.if.com.tr\/?cat=564\">\u0130smail G\u00fcm\u00fc\u015f<\/a><\/li>\n<li id=\"category-566\"><a href=\"https:\/\/art.if.com.tr\/?cat=566\">\u0130smail Sun<\/a><\/li>\n<li id=\"category-568\"><a href=\"https:\/\/art.if.com.tr\/?cat=568\">\u0130smet Y\u0131lmaz<\/a><\/li>\n<li id=\"category-445\"><a href=\"https:\/\/art.if.com.tr\/?cat=445\">Iugl<\/a><\/li>\n<li id=\"category-430\"><a href=\"https:\/\/art.if.com.tr\/?cat=430\">Ivan Prats<\/a><\/li>\n<li id=\"category-425\"><a href=\"https:\/\/art.if.com.tr\/?cat=425\">Ivo Kovatchev<\/a><\/li>\n<\/ul>\n<\/div>\n<\/div><\/div><\/div><\/div><\/div>","protected":false},"excerpt":{"rendered":"<p>\u0130brahim Balaban \u0130brahim \u00c7ift\u00e7io\u011flu \u0130brahim Deniz Tavl\u0131b\u0131y\u0131k \u0130brahim G\u00fcrsoy \u0130brahim \u00d6ztoprak \u0130brahim Pamuk \u0130brahim Safi \u0130brahim Sefa \u00dcnl\u00fc \u0130brahim Yan\u0131k \u0130hsan \u00c7ak\u0131c\u0131 Ilgar Cebrayilov \u0130lhami Atalay \u0130lhan Berk \u0130rem Kurt \u0130rfan \u00d6n\u00fcrmen \u0130rfan Y\u0131lmaz I\u015f\u0131l \u00d6z\u0131\u015f\u0131k \u0130smail Alt\u0131nok \u0130smail G\u00fcm\u00fc\u015f \u0130smail Sun \u0130smet Y\u0131lmaz Iugl Ivan Prats Ivo Kovatchev<\/p>\n","protected":false},"author":1,"featured_media":0,"parent":23674,"menu_order":1,"comment_status":"closed","ping_status":"closed","template":"","meta":{"footnotes":""},"class_list":["post-23710","page","type-page","status-publish","hentry"],"yoast_head":"<!-- This site is optimized with the Yoast SEO plugin v27.5 - https:\/\/yoast.com\/product\/yoast-seo-wordpress\/ -->\n<title>I-\u0130 - Emel - Orhan Karado\u011fan Koleksiyonu<\/title>\n<meta name=\"robots\" content=\"index, follow, max-snippet:-1, max-image-preview:large, max-video-preview:-1\" \/>\n<link rel=\"canonical\" href=\"https:\/\/art.if.com.tr\/?page_id=23710\" \/>\n<meta property=\"og:locale\" content=\"tr_TR\" \/>\n<meta property=\"og:type\" content=\"article\" \/>\n<meta property=\"og:title\" content=\"I-\u0130 - Emel - Orhan Karado\u011fan Koleksiyonu\" \/>\n<meta property=\"og:description\" content=\"\u0130brahim Balaban \u0130brahim \u00c7ift\u00e7io\u011flu \u0130brahim Deniz Tavl\u0131b\u0131y\u0131k \u0130brahim G\u00fcrsoy \u0130brahim \u00d6ztoprak \u0130brahim Pamuk \u0130brahim Safi \u0130brahim Sefa \u00dcnl\u00fc \u0130brahim Yan\u0131k \u0130hsan \u00c7ak\u0131c\u0131 Ilgar Cebrayilov \u0130lhami Atalay \u0130lhan Berk \u0130rem Kurt \u0130rfan \u00d6n\u00fcrmen \u0130rfan Y\u0131lmaz I\u015f\u0131l \u00d6z\u0131\u015f\u0131k \u0130smail Alt\u0131nok \u0130smail G\u00fcm\u00fc\u015f \u0130smail Sun \u0130smet Y\u0131lmaz Iugl Ivan Prats Ivo Kovatchev\" \/>\n<meta property=\"og:url\" content=\"https:\/\/art.if.com.tr\/?page_id=23710\" \/>\n<meta property=\"og:site_name\" content=\"Emel - Orhan Karado\u011fan Koleksiyonu\" \/>\n<meta property=\"article:modified_time\" content=\"2022-08-13T17:55:24+00:00\" \/>\n<meta name=\"twitter:card\" content=\"summary_large_image\" \/>\n<script type=\"application\/ld+json\" class=\"yoast-schema-graph\">{\"@context\":\"https:\\\/\\\/schema.org\",\"@graph\":[{\"@type\":\"WebPage\",\"@id\":\"https:\\\/\\\/art.if.com.tr\\\/?page_id=23710\",\"url\":\"https:\\\/\\\/art.if.com.tr\\\/?page_id=23710\",\"name\":\"I-\u0130 - Emel - Orhan Karado\u011fan Koleksiyonu\",\"isPartOf\":{\"@id\":\"https:\\\/\\\/art.if.com.tr\\\/#website\"},\"datePublished\":\"2022-08-13T17:55:23+00:00\",\"dateModified\":\"2022-08-13T17:55:24+00:00\",\"breadcrumb\":{\"@id\":\"https:\\\/\\\/art.if.com.tr\\\/?page_id=23710#breadcrumb\"},\"inLanguage\":\"tr\",\"potentialAction\":[{\"@type\":\"ReadAction\",\"target\":[\"https:\\\/\\\/art.if.com.tr\\\/?page_id=23710\"]}]},{\"@type\":\"BreadcrumbList\",\"@id\":\"https:\\\/\\\/art.if.com.tr\\\/?page_id=23710#breadcrumb\",\"itemListElement\":[{\"@type\":\"ListItem\",\"position\":1,\"name\":\"Anasayfa\",\"item\":\"https:\\\/\\\/art.if.com.tr\\\/\"},{\"@type\":\"ListItem\",\"position\":2,\"name\":\"Eserler\",\"item\":\"https:\\\/\\\/art.if.com.tr\\\/?page_id=23674\"},{\"@type\":\"ListItem\",\"position\":3,\"name\":\"I-\u0130\"}]},{\"@type\":\"WebSite\",\"@id\":\"https:\\\/\\\/art.if.com.tr\\\/#website\",\"url\":\"https:\\\/\\\/art.if.com.tr\\\/\",\"name\":\"Emel - Orhan Karado\u011fan Koleksiyonu\",\"description\":\"\",\"publisher\":{\"@id\":\"https:\\\/\\\/art.if.com.tr\\\/#organization\"},\"potentialAction\":[{\"@type\":\"SearchAction\",\"target\":{\"@type\":\"EntryPoint\",\"urlTemplate\":\"https:\\\/\\\/art.if.com.tr\\\/?s={search_term_string}\"},\"query-input\":{\"@type\":\"PropertyValueSpecification\",\"valueRequired\":true,\"valueName\":\"search_term_string\"}}],\"inLanguage\":\"tr\"},{\"@type\":\"Organization\",\"@id\":\"https:\\\/\\\/art.if.com.tr\\\/#organization\",\"name\":\"Emel - Orhan Karado\u011fan Koleksiyonu\",\"url\":\"https:\\\/\\\/art.if.com.tr\\\/\",\"logo\":{\"@type\":\"ImageObject\",\"inLanguage\":\"tr\",\"@id\":\"https:\\\/\\\/art.if.com.tr\\\/#\\\/schema\\\/logo\\\/image\\\/\",\"url\":\"https:\\\/\\\/art.if.com.tr\\\/wp-content\\\/uploads\\\/2022\\\/07\\\/150x150-iF-Art-logo-e1658997012336.png\",\"contentUrl\":\"https:\\\/\\\/art.if.com.tr\\\/wp-content\\\/uploads\\\/2022\\\/07\\\/150x150-iF-Art-logo-e1658997012336.png\",\"width\":150,\"height\":118,\"caption\":\"Emel - Orhan Karado\u011fan Koleksiyonu\"},\"image\":{\"@id\":\"https:\\\/\\\/art.if.com.tr\\\/#\\\/schema\\\/logo\\\/image\\\/\"}}]}<\/script>\n<!-- \/ Yoast SEO plugin. -->","yoast_head_json":{"title":"I-\u0130 - Emel - Orhan Karado\u011fan Koleksiyonu","robots":{"index":"index","follow":"follow","max-snippet":"max-snippet:-1","max-image-preview":"max-image-preview:large","max-video-preview":"max-video-preview:-1"},"canonical":"https:\/\/art.if.com.tr\/?page_id=23710","og_locale":"tr_TR","og_type":"article","og_title":"I-\u0130 - Emel - Orhan Karado\u011fan Koleksiyonu","og_description":"\u0130brahim Balaban \u0130brahim \u00c7ift\u00e7io\u011flu \u0130brahim Deniz Tavl\u0131b\u0131y\u0131k \u0130brahim G\u00fcrsoy \u0130brahim \u00d6ztoprak \u0130brahim Pamuk \u0130brahim Safi \u0130brahim Sefa \u00dcnl\u00fc \u0130brahim Yan\u0131k \u0130hsan \u00c7ak\u0131c\u0131 Ilgar Cebrayilov \u0130lhami Atalay \u0130lhan Berk \u0130rem Kurt \u0130rfan \u00d6n\u00fcrmen \u0130rfan Y\u0131lmaz I\u015f\u0131l \u00d6z\u0131\u015f\u0131k \u0130smail Alt\u0131nok \u0130smail G\u00fcm\u00fc\u015f \u0130smail Sun \u0130smet Y\u0131lmaz Iugl Ivan Prats Ivo Kovatchev","og_url":"https:\/\/art.if.com.tr\/?page_id=23710","og_site_name":"Emel - Orhan Karado\u011fan Koleksiyonu","article_modified_time":"2022-08-13T17:55:24+00:00","twitter_card":"summary_large_image","schema":{"@context":"https:\/\/schema.org","@graph":[{"@type":"WebPage","@id":"https:\/\/art.if.com.tr\/?page_id=23710","url":"https:\/\/art.if.com.tr\/?page_id=23710","name":"I-\u0130 - Emel - Orhan Karado\u011fan Koleksiyonu","isPartOf":{"@id":"https:\/\/art.if.com.tr\/#website"},"datePublished":"2022-08-13T17:55:23+00:00","dateModified":"2022-08-13T17:55:24+00:00","breadcrumb":{"@id":"https:\/\/art.if.com.tr\/?page_id=23710#breadcrumb"},"inLanguage":"tr","potentialAction":[{"@type":"ReadAction","target":["https:\/\/art.if.com.tr\/?page_id=23710"]}]},{"@type":"BreadcrumbList","@id":"https:\/\/art.if.com.tr\/?page_id=23710#breadcrumb","itemListElement":[{"@type":"ListItem","position":1,"name":"Anasayfa","item":"https:\/\/art.if.com.tr\/"},{"@type":"ListItem","position":2,"name":"Eserler","item":"https:\/\/art.if.com.tr\/?page_id=23674"},{"@type":"ListItem","position":3,"name":"I-\u0130"}]},{"@type":"WebSite","@id":"https:\/\/art.if.com.tr\/#website","url":"https:\/\/art.if.com.tr\/","name":"Emel - Orhan Karado\u011fan Koleksiyonu","description":"","publisher":{"@id":"https:\/\/art.if.com.tr\/#organization"},"potentialAction":[{"@type":"SearchAction","target":{"@type":"EntryPoint","urlTemplate":"https:\/\/art.if.com.tr\/?s={search_term_string}"},"query-input":{"@type":"PropertyValueSpecification","valueRequired":true,"valueName":"search_term_string"}}],"inLanguage":"tr"},{"@type":"Organization","@id":"https:\/\/art.if.com.tr\/#organization","name":"Emel - Orhan Karado\u011fan Koleksiyonu","url":"https:\/\/art.if.com.tr\/","logo":{"@type":"ImageObject","inLanguage":"tr","@id":"https:\/\/art.if.com.tr\/#\/schema\/logo\/image\/","url":"https:\/\/art.if.com.tr\/wp-content\/uploads\/2022\/07\/150x150-iF-Art-logo-e1658997012336.png","contentUrl":"https:\/\/art.if.com.tr\/wp-content\/uploads\/2022\/07\/150x150-iF-Art-logo-e1658997012336.png","width":150,"height":118,"caption":"Emel - Orhan Karado\u011fan Koleksiyonu"},"image":{"@id":"https:\/\/art.if.com.tr\/#\/schema\/logo\/image\/"}}]}},"_links":{"self":[{"href":"https:\/\/art.if.com.tr\/index.php?rest_route=\/wp\/v2\/pages\/23710","targetHints":{"allow":["GET"]}}],"collection":[{"href":"https:\/\/art.if.com.tr\/index.php?rest_route=\/wp\/v2\/pages"}],"about":[{"href":"https:\/\/art.if.com.tr\/index.php?rest_route=\/wp\/v2\/types\/page"}],"author":[{"embeddable":true,"href":"https:\/\/art.if.com.tr\/index.php?rest_route=\/wp\/v2\/users\/1"}],"replies":[{"embeddable":true,"href":"https:\/\/art.if.com.tr\/index.php?rest_route=%2Fwp%2Fv2%2Fcomments&post=23710"}],"version-history":[{"count":1,"href":"https:\/\/art.if.com.tr\/index.php?rest_route=\/wp\/v2\/pages\/23710\/revisions"}],"predecessor-version":[{"id":23711,"href":"https:\/\/art.if.com.tr\/index.php?rest_route=\/wp\/v2\/pages\/23710\/revisions\/23711"}],"up":[{"embeddable":true,"href":"https:\/\/art.if.com.tr\/index.php?rest_route=\/wp\/v2\/pages\/23674"}],"wp:attachment":[{"href":"https:\/\/art.if.com.tr\/index.php?rest_route=%2Fwp%2Fv2%2Fmedia&parent=23710"}],"curies":[{"name":"wp","href":"https:\/\/api.w.org\/{rel}","templated":true}]}}