{"id":23708,"date":"2022-08-11T17:30:20","date_gmt":"2022-08-11T14:30:20","guid":{"rendered":"https:\/\/art.if.com.tr\/?page_id=23708"},"modified":"2025-11-11T15:32:39","modified_gmt":"2025-11-11T12:32:39","slug":"h","status":"publish","type":"page","link":"https:\/\/art.if.com.tr\/?page_id=23708","title":{"rendered":"H"},"content":{"rendered":"<div id=\"pl-gb23708-69f74f6b9c04a\"  class=\"panel-layout wp-block-siteorigin-panels-layout-block\" ><div id=\"pg-gb23708-69f74f6b9c04a-0\"  class=\"panel-grid panel-no-style\" ><div id=\"pgc-gb23708-69f74f6b9c04a-0-0\"  class=\"panel-grid-cell panel-grid-cell-empty\" ><\/div><div id=\"pgc-gb23708-69f74f6b9c04a-0-1\"  class=\"panel-grid-cell\" ><div id=\"panel-gb23708-69f74f6b9c04a-0-1-0\" class=\"so-panel widget widget_sow-editor panel-first-child panel-last-child\" data-index=\"0\" ><div\n\t\t\t\n\t\t\tclass=\"so-widget-sow-editor so-widget-sow-editor-base\"\n\t\t\t\n\t\t>\n<div class=\"siteorigin-widget-tinymce textwidget\">\n\t<ul class=\"children\">\n<li id=\"category-540\"><a href=\"https:\/\/art.if.com.tr\/?cat=540\">Hakk\u0131 \u0130nan<\/a><\/li>\n<li id=\"category-203\"><a href=\"https:\/\/art.if.com.tr\/?cat=203\">Halit Aker<\/a><\/li>\n<li id=\"category-539\"><a href=\"https:\/\/art.if.com.tr\/?cat=539\">Haluk Evitan<\/a><\/li>\n<li id=\"category-550\"><a href=\"https:\/\/art.if.com.tr\/?cat=550\">Haluk Karado\u011fan<\/a><\/li>\n<li id=\"category-344\"><a href=\"https:\/\/art.if.com.tr\/?cat=344\">Hamdullah Demirk\u0131ran<\/a><\/li>\n<li id=\"category-548\"><a href=\"https:\/\/art.if.com.tr\/?cat=548\">Hamza \u0130nan\u00e7<\/a><\/li>\n<li id=\"category-245\"><a href=\"https:\/\/art.if.com.tr\/?cat=245\">Handan \u00c7etin<\/a><\/li>\n<li id=\"category-545\"><a href=\"https:\/\/art.if.com.tr\/?cat=545\">Hande Tok<\/a><\/li>\n<li id=\"category-537\"><a href=\"https:\/\/art.if.com.tr\/?cat=537\">Harun Antakyal\u0131<\/a><\/li>\n<li id=\"category-68\"><a href=\"https:\/\/art.if.com.tr\/?cat=68\">Hasan Ayd\u0131n<\/a><\/li>\n<li id=\"category-265\"><a href=\"https:\/\/art.if.com.tr\/?cat=265\">Hasan \u00c7a\u011flayan<\/a><\/li>\n<li id=\"category-541\"><a href=\"https:\/\/art.if.com.tr\/?cat=541\">Hasan Kavruk<\/a><\/li>\n<li><a href=\"https:\/\/art.if.com.tr\/?cat=865\">Hasan M\u0131rza<\/a><\/li>\n<li id=\"category-542\"><a href=\"https:\/\/art.if.com.tr\/?cat=542\">Hasan Pekmezci<\/a><\/li>\n<li id=\"category-543\"><a href=\"https:\/\/art.if.com.tr\/?cat=543\">Hasan Rastgeldi<\/a><\/li>\n<li id=\"category-544\"><a href=\"https:\/\/art.if.com.tr\/?cat=544\">Hasan Ta\u015fdemir<\/a><\/li>\n<li id=\"category-364\"><a href=\"https:\/\/art.if.com.tr\/?cat=364\">Hasip Pekta\u015f<\/a><\/li>\n<li id=\"category-551\"><a href=\"https:\/\/art.if.com.tr\/?cat=551\">Hatay Dumlup\u0131nar<\/a><\/li>\n<li id=\"category-411\"><a href=\"https:\/\/art.if.com.tr\/?cat=411\">Hatice Kaya<\/a><\/li>\n<li id=\"category-538\"><a href=\"https:\/\/art.if.com.tr\/?cat=538\">Haydar Durmu\u015f<\/a><\/li>\n<li><a href=\"https:\/\/art.if.com.tr\/?cat=857\">Haydar Ekinek<\/a><\/li>\n<li id=\"category-69\"><a href=\"https:\/\/art.if.com.tr\/?cat=69\">Hayrettin Karateke<\/a><\/li>\n<li id=\"category-546\"><a href=\"https:\/\/art.if.com.tr\/?cat=546\">Hayri<\/a><\/li>\n<li id=\"category-547\"><a href=\"https:\/\/art.if.com.tr\/?cat=547\">Hikmet Duruer<\/a><\/li>\n<li id=\"category-549\"><a href=\"https:\/\/art.if.com.tr\/?cat=549\">Hikmet \u00d6z<\/a><\/li>\n<li id=\"category-429\"><a href=\"https:\/\/art.if.com.tr\/?cat=429\">Hugo Labarde Sanchez<\/a><\/li>\n<li id=\"category-387\"><a href=\"https:\/\/art.if.com.tr\/?cat=387\">H\u00fcls\u00fcm Halise G\u00f6kcen<\/a><\/li>\n<li id=\"category-195\"><a href=\"https:\/\/art.if.com.tr\/?cat=195\">H\u00fclya K\u00fcp\u00e7\u00fco\u011flu<\/a><\/li>\n<li id=\"category-470\"><a href=\"https:\/\/art.if.com.tr\/?cat=470\">Husam Yaghi<\/a><\/li>\n<li id=\"category-71\"><a href=\"https:\/\/art.if.com.tr\/?cat=71\">H\u00fcseyin Faruk Karado\u011fan<\/a><\/li>\n<li id=\"category-552\"><a href=\"https:\/\/art.if.com.tr\/?cat=552\">H\u00fcseyin T\u0131nmaz<\/a><\/li>\n<li><a href=\"https:\/\/art.if.com.tr\/?cat=838\">H\u00fcseyin Y\u0131ld\u0131r\u0131m<\/a><\/li>\n<li id=\"category-553\"><a href=\"https:\/\/art.if.com.tr\/?cat=553\">H\u00fcseyin Y\u00fcce<\/a><\/li>\n<li id=\"category-72\"><a href=\"https:\/\/art.if.com.tr\/?cat=72\">H\u00fcsn\u00fc \u0130yido\u011fan<\/a><\/li>\n<li id=\"category-474\"><a href=\"https:\/\/art.if.com.tr\/?cat=474\">Hussein<\/a><\/li>\n<\/ul>\n<\/div>\n<\/div><\/div><\/div><\/div><\/div>","protected":false},"excerpt":{"rendered":"<p>Hakk\u0131 \u0130nan Halit Aker Haluk Evitan Haluk Karado\u011fan Hamdullah Demirk\u0131ran Hamza \u0130nan\u00e7 Handan \u00c7etin Hande Tok Harun Antakyal\u0131 Hasan Ayd\u0131n Hasan \u00c7a\u011flayan Hasan Kavruk Hasan M\u0131rza Hasan Pekmezci Hasan Rastgeldi Hasan Ta\u015fdemir Hasip Pekta\u015f Hatay Dumlup\u0131nar Hatice Kaya Haydar Durmu\u015f Haydar Ekinek Hayrettin Karateke Hayri Hikmet Duruer Hikmet \u00d6z Hugo Labarde Sanchez H\u00fcls\u00fcm Halise G\u00f6kcen &hellip; <\/p>\n","protected":false},"author":1,"featured_media":0,"parent":23674,"menu_order":1,"comment_status":"closed","ping_status":"closed","template":"","meta":{"footnotes":""},"class_list":["post-23708","page","type-page","status-publish","hentry"],"yoast_head":"<!-- This site is optimized with the Yoast SEO plugin v27.5 - https:\/\/yoast.com\/product\/yoast-seo-wordpress\/ -->\n<title>H - Emel - Orhan Karado\u011fan Koleksiyonu<\/title>\n<meta name=\"robots\" content=\"index, follow, max-snippet:-1, max-image-preview:large, max-video-preview:-1\" \/>\n<link rel=\"canonical\" href=\"https:\/\/art.if.com.tr\/?page_id=23708\" \/>\n<meta property=\"og:locale\" content=\"tr_TR\" \/>\n<meta property=\"og:type\" content=\"article\" \/>\n<meta property=\"og:title\" content=\"H - Emel - Orhan Karado\u011fan Koleksiyonu\" \/>\n<meta property=\"og:description\" content=\"Hakk\u0131 \u0130nan Halit Aker Haluk Evitan Haluk Karado\u011fan Hamdullah Demirk\u0131ran Hamza \u0130nan\u00e7 Handan \u00c7etin Hande Tok Harun Antakyal\u0131 Hasan Ayd\u0131n Hasan \u00c7a\u011flayan Hasan Kavruk Hasan M\u0131rza Hasan Pekmezci Hasan Rastgeldi Hasan Ta\u015fdemir Hasip Pekta\u015f Hatay Dumlup\u0131nar Hatice Kaya Haydar Durmu\u015f Haydar Ekinek Hayrettin Karateke Hayri Hikmet Duruer Hikmet \u00d6z Hugo Labarde Sanchez H\u00fcls\u00fcm Halise G\u00f6kcen &hellip;\" \/>\n<meta property=\"og:url\" content=\"https:\/\/art.if.com.tr\/?page_id=23708\" \/>\n<meta property=\"og:site_name\" content=\"Emel - Orhan Karado\u011fan Koleksiyonu\" \/>\n<meta property=\"article:modified_time\" content=\"2025-11-11T12:32:39+00:00\" \/>\n<meta name=\"twitter:card\" content=\"summary_large_image\" \/>\n<script type=\"application\/ld+json\" class=\"yoast-schema-graph\">{\"@context\":\"https:\\\/\\\/schema.org\",\"@graph\":[{\"@type\":\"WebPage\",\"@id\":\"https:\\\/\\\/art.if.com.tr\\\/?page_id=23708\",\"url\":\"https:\\\/\\\/art.if.com.tr\\\/?page_id=23708\",\"name\":\"H - Emel - Orhan Karado\u011fan Koleksiyonu\",\"isPartOf\":{\"@id\":\"https:\\\/\\\/art.if.com.tr\\\/#website\"},\"datePublished\":\"2022-08-11T14:30:20+00:00\",\"dateModified\":\"2025-11-11T12:32:39+00:00\",\"breadcrumb\":{\"@id\":\"https:\\\/\\\/art.if.com.tr\\\/?page_id=23708#breadcrumb\"},\"inLanguage\":\"tr\",\"potentialAction\":[{\"@type\":\"ReadAction\",\"target\":[\"https:\\\/\\\/art.if.com.tr\\\/?page_id=23708\"]}]},{\"@type\":\"BreadcrumbList\",\"@id\":\"https:\\\/\\\/art.if.com.tr\\\/?page_id=23708#breadcrumb\",\"itemListElement\":[{\"@type\":\"ListItem\",\"position\":1,\"name\":\"Anasayfa\",\"item\":\"https:\\\/\\\/art.if.com.tr\\\/\"},{\"@type\":\"ListItem\",\"position\":2,\"name\":\"Eserler\",\"item\":\"https:\\\/\\\/art.if.com.tr\\\/?page_id=23674\"},{\"@type\":\"ListItem\",\"position\":3,\"name\":\"H\"}]},{\"@type\":\"WebSite\",\"@id\":\"https:\\\/\\\/art.if.com.tr\\\/#website\",\"url\":\"https:\\\/\\\/art.if.com.tr\\\/\",\"name\":\"Emel - Orhan Karado\u011fan Koleksiyonu\",\"description\":\"\",\"publisher\":{\"@id\":\"https:\\\/\\\/art.if.com.tr\\\/#organization\"},\"potentialAction\":[{\"@type\":\"SearchAction\",\"target\":{\"@type\":\"EntryPoint\",\"urlTemplate\":\"https:\\\/\\\/art.if.com.tr\\\/?s={search_term_string}\"},\"query-input\":{\"@type\":\"PropertyValueSpecification\",\"valueRequired\":true,\"valueName\":\"search_term_string\"}}],\"inLanguage\":\"tr\"},{\"@type\":\"Organization\",\"@id\":\"https:\\\/\\\/art.if.com.tr\\\/#organization\",\"name\":\"Emel - Orhan Karado\u011fan Koleksiyonu\",\"url\":\"https:\\\/\\\/art.if.com.tr\\\/\",\"logo\":{\"@type\":\"ImageObject\",\"inLanguage\":\"tr\",\"@id\":\"https:\\\/\\\/art.if.com.tr\\\/#\\\/schema\\\/logo\\\/image\\\/\",\"url\":\"https:\\\/\\\/art.if.com.tr\\\/wp-content\\\/uploads\\\/2022\\\/07\\\/150x150-iF-Art-logo-e1658997012336.png\",\"contentUrl\":\"https:\\\/\\\/art.if.com.tr\\\/wp-content\\\/uploads\\\/2022\\\/07\\\/150x150-iF-Art-logo-e1658997012336.png\",\"width\":150,\"height\":118,\"caption\":\"Emel - Orhan Karado\u011fan Koleksiyonu\"},\"image\":{\"@id\":\"https:\\\/\\\/art.if.com.tr\\\/#\\\/schema\\\/logo\\\/image\\\/\"}}]}<\/script>\n<!-- \/ Yoast SEO plugin. -->","yoast_head_json":{"title":"H - Emel - Orhan Karado\u011fan Koleksiyonu","robots":{"index":"index","follow":"follow","max-snippet":"max-snippet:-1","max-image-preview":"max-image-preview:large","max-video-preview":"max-video-preview:-1"},"canonical":"https:\/\/art.if.com.tr\/?page_id=23708","og_locale":"tr_TR","og_type":"article","og_title":"H - Emel - Orhan Karado\u011fan Koleksiyonu","og_description":"Hakk\u0131 \u0130nan Halit Aker Haluk Evitan Haluk Karado\u011fan Hamdullah Demirk\u0131ran Hamza \u0130nan\u00e7 Handan \u00c7etin Hande Tok Harun Antakyal\u0131 Hasan Ayd\u0131n Hasan \u00c7a\u011flayan Hasan Kavruk Hasan M\u0131rza Hasan Pekmezci Hasan Rastgeldi Hasan Ta\u015fdemir Hasip Pekta\u015f Hatay Dumlup\u0131nar Hatice Kaya Haydar Durmu\u015f Haydar Ekinek Hayrettin Karateke Hayri Hikmet Duruer Hikmet \u00d6z Hugo Labarde Sanchez H\u00fcls\u00fcm Halise G\u00f6kcen &hellip;","og_url":"https:\/\/art.if.com.tr\/?page_id=23708","og_site_name":"Emel - Orhan Karado\u011fan Koleksiyonu","article_modified_time":"2025-11-11T12:32:39+00:00","twitter_card":"summary_large_image","schema":{"@context":"https:\/\/schema.org","@graph":[{"@type":"WebPage","@id":"https:\/\/art.if.com.tr\/?page_id=23708","url":"https:\/\/art.if.com.tr\/?page_id=23708","name":"H - Emel - Orhan Karado\u011fan Koleksiyonu","isPartOf":{"@id":"https:\/\/art.if.com.tr\/#website"},"datePublished":"2022-08-11T14:30:20+00:00","dateModified":"2025-11-11T12:32:39+00:00","breadcrumb":{"@id":"https:\/\/art.if.com.tr\/?page_id=23708#breadcrumb"},"inLanguage":"tr","potentialAction":[{"@type":"ReadAction","target":["https:\/\/art.if.com.tr\/?page_id=23708"]}]},{"@type":"BreadcrumbList","@id":"https:\/\/art.if.com.tr\/?page_id=23708#breadcrumb","itemListElement":[{"@type":"ListItem","position":1,"name":"Anasayfa","item":"https:\/\/art.if.com.tr\/"},{"@type":"ListItem","position":2,"name":"Eserler","item":"https:\/\/art.if.com.tr\/?page_id=23674"},{"@type":"ListItem","position":3,"name":"H"}]},{"@type":"WebSite","@id":"https:\/\/art.if.com.tr\/#website","url":"https:\/\/art.if.com.tr\/","name":"Emel - Orhan Karado\u011fan Koleksiyonu","description":"","publisher":{"@id":"https:\/\/art.if.com.tr\/#organization"},"potentialAction":[{"@type":"SearchAction","target":{"@type":"EntryPoint","urlTemplate":"https:\/\/art.if.com.tr\/?s={search_term_string}"},"query-input":{"@type":"PropertyValueSpecification","valueRequired":true,"valueName":"search_term_string"}}],"inLanguage":"tr"},{"@type":"Organization","@id":"https:\/\/art.if.com.tr\/#organization","name":"Emel - Orhan Karado\u011fan Koleksiyonu","url":"https:\/\/art.if.com.tr\/","logo":{"@type":"ImageObject","inLanguage":"tr","@id":"https:\/\/art.if.com.tr\/#\/schema\/logo\/image\/","url":"https:\/\/art.if.com.tr\/wp-content\/uploads\/2022\/07\/150x150-iF-Art-logo-e1658997012336.png","contentUrl":"https:\/\/art.if.com.tr\/wp-content\/uploads\/2022\/07\/150x150-iF-Art-logo-e1658997012336.png","width":150,"height":118,"caption":"Emel - Orhan Karado\u011fan Koleksiyonu"},"image":{"@id":"https:\/\/art.if.com.tr\/#\/schema\/logo\/image\/"}}]}},"_links":{"self":[{"href":"https:\/\/art.if.com.tr\/index.php?rest_route=\/wp\/v2\/pages\/23708","targetHints":{"allow":["GET"]}}],"collection":[{"href":"https:\/\/art.if.com.tr\/index.php?rest_route=\/wp\/v2\/pages"}],"about":[{"href":"https:\/\/art.if.com.tr\/index.php?rest_route=\/wp\/v2\/types\/page"}],"author":[{"embeddable":true,"href":"https:\/\/art.if.com.tr\/index.php?rest_route=\/wp\/v2\/users\/1"}],"replies":[{"embeddable":true,"href":"https:\/\/art.if.com.tr\/index.php?rest_route=%2Fwp%2Fv2%2Fcomments&post=23708"}],"version-history":[{"count":4,"href":"https:\/\/art.if.com.tr\/index.php?rest_route=\/wp\/v2\/pages\/23708\/revisions"}],"predecessor-version":[{"id":26136,"href":"https:\/\/art.if.com.tr\/index.php?rest_route=\/wp\/v2\/pages\/23708\/revisions\/26136"}],"up":[{"embeddable":true,"href":"https:\/\/art.if.com.tr\/index.php?rest_route=\/wp\/v2\/pages\/23674"}],"wp:attachment":[{"href":"https:\/\/art.if.com.tr\/index.php?rest_route=%2Fwp%2Fv2%2Fmedia&parent=23708"}],"curies":[{"name":"wp","href":"https:\/\/api.w.org\/{rel}","templated":true}]}}