{"id":23701,"date":"2022-08-11T14:06:21","date_gmt":"2022-08-11T11:06:21","guid":{"rendered":"https:\/\/art.if.com.tr\/?page_id=23701"},"modified":"2023-03-21T12:40:16","modified_gmt":"2023-03-21T09:40:16","slug":"f","status":"publish","type":"page","link":"https:\/\/art.if.com.tr\/?page_id=23701","title":{"rendered":"F"},"content":{"rendered":"<div id=\"pl-gb23701-69f74f5ee919a\"  class=\"panel-layout\" ><div id=\"pg-gb23701-69f74f5ee919a-0\"  class=\"panel-grid panel-no-style\" ><div id=\"pgc-gb23701-69f74f5ee919a-0-0\"  class=\"panel-grid-cell panel-grid-cell-empty\" ><\/div><div id=\"pgc-gb23701-69f74f5ee919a-0-1\"  class=\"panel-grid-cell\" ><div id=\"panel-gb23701-69f74f5ee919a-0-1-0\" class=\"so-panel widget widget_sow-editor panel-first-child panel-last-child\" data-index=\"0\" ><div\n\t\t\t\n\t\t\tclass=\"so-widget-sow-editor so-widget-sow-editor-base\"\n\t\t\t\n\t\t>\n<div class=\"siteorigin-widget-tinymce textwidget\">\n\t<ul class=\"children\">\n<li id=\"category-53\"><a href=\"https:\/\/art.if.com.tr\/?cat=53\">Fahri S\u00fcmer<\/a><\/li>\n<li id=\"category-274\"><a href=\"https:\/\/art.if.com.tr\/?cat=274\">Fahriye E\u015fk\u0131l<\/a><\/li>\n<li id=\"category-522\"><a href=\"https:\/\/art.if.com.tr\/?cat=522\">Fahr\u00fcnisa Zeyd<\/a><\/li>\n<li id=\"category-352\"><a href=\"https:\/\/art.if.com.tr\/?cat=352\">Fatih Ba\u015fbu\u011f<\/a><\/li>\n<li id=\"category-365\"><a href=\"https:\/\/art.if.com.tr\/?cat=365\">Fatih Sarmanl\u0131<\/a><\/li>\n<li id=\"category-262\"><a href=\"https:\/\/art.if.com.tr\/?cat=262\">Fatih Urun\u00e7<\/a><\/li>\n<li id=\"category-523\"><a href=\"https:\/\/art.if.com.tr\/?cat=523\">Fatih Uysal<\/a><\/li>\n<li id=\"category-366\"><a href=\"https:\/\/art.if.com.tr\/?cat=366\">Fatmanur \u00d6nc\u00fcl<\/a><\/li>\n<li id=\"category-527\"><a href=\"https:\/\/art.if.com.tr\/?cat=527\">Fehim \u00d6ner Canik<\/a><\/li>\n<li><a href=\"https:\/\/art.if.com.tr\/?cat=833\">Ferda Pulhan<\/a><\/li>\n<li id=\"category-222\"><a href=\"https:\/\/art.if.com.tr\/?cat=222\">Ferhat Arat<\/a><\/li>\n<li id=\"category-524\"><a href=\"https:\/\/art.if.com.tr\/?cat=524\">Ferit Apa<\/a><\/li>\n<li id=\"category-276\"><a href=\"https:\/\/art.if.com.tr\/?cat=276\">Ferit \u00d6zdemir<\/a><\/li>\n<li id=\"category-525\"><a href=\"https:\/\/art.if.com.tr\/?cat=525\">Fevzi Ta\u015fk\u0131ran<\/a><\/li>\n<li id=\"category-57\"><a href=\"https:\/\/art.if.com.tr\/?cat=57\">Feyrouz Abou Antuan<\/a><\/li>\n<li id=\"category-58\"><a href=\"https:\/\/art.if.com.tr\/?cat=58\">Figen Ergin<\/a><\/li>\n<li id=\"category-526\"><a href=\"https:\/\/art.if.com.tr\/?cat=526\">Fikret Mualla<\/a><\/li>\n<li id=\"category-59\"><a href=\"https:\/\/art.if.com.tr\/?cat=59\">Fikret Otyam<\/a><\/li>\n<li id=\"category-149\"><a href=\"https:\/\/art.if.com.tr\/?cat=149\">Filiz \u00c7a\u011f\u0131n<\/a><\/li>\n<li id=\"category-428\"><a href=\"https:\/\/art.if.com.tr\/?cat=428\">Franklyn Soto Carballo<\/a><\/li>\n<li id=\"category-441\"><a href=\"https:\/\/art.if.com.tr\/?cat=441\">Frederic Mebiola<\/a><\/li>\n<li id=\"category-200\"><a href=\"https:\/\/art.if.com.tr\/?cat=200\">Fuat Arat<\/a><\/li>\n<li id=\"category-529\"><a href=\"https:\/\/art.if.com.tr\/?cat=529\">Funda Karada\u011f<\/a><\/li>\n<li id=\"category-528\"><a href=\"https:\/\/art.if.com.tr\/?cat=528\">F\u00fcsun \u00c7a\u011flayan<\/a><\/li>\n<li id=\"category-258\"><a href=\"https:\/\/art.if.com.tr\/?cat=258\">F\u00fcsun S\u00fcnnet\u00e7io\u011flu<\/a><\/li>\n<\/ul>\n<\/div>\n<\/div><\/div><\/div><\/div><\/div>","protected":false},"excerpt":{"rendered":"<p>Fahri S\u00fcmer Fahriye E\u015fk\u0131l Fahr\u00fcnisa Zeyd Fatih Ba\u015fbu\u011f Fatih Sarmanl\u0131 Fatih Urun\u00e7 Fatih Uysal Fatmanur \u00d6nc\u00fcl Fehim \u00d6ner Canik Ferda Pulhan Ferhat Arat Ferit Apa Ferit \u00d6zdemir Fevzi Ta\u015fk\u0131ran Feyrouz Abou Antuan Figen Ergin Fikret Mualla Fikret Otyam Filiz \u00c7a\u011f\u0131n Franklyn Soto Carballo Frederic Mebiola Fuat Arat Funda Karada\u011f F\u00fcsun \u00c7a\u011flayan F\u00fcsun S\u00fcnnet\u00e7io\u011flu<\/p>\n","protected":false},"author":1,"featured_media":0,"parent":23674,"menu_order":1,"comment_status":"closed","ping_status":"closed","template":"","meta":{"footnotes":""},"class_list":["post-23701","page","type-page","status-publish","hentry"],"yoast_head":"<!-- This site is optimized with the Yoast SEO plugin v27.5 - https:\/\/yoast.com\/product\/yoast-seo-wordpress\/ -->\n<title>F - Emel - Orhan Karado\u011fan Koleksiyonu<\/title>\n<meta name=\"robots\" content=\"index, follow, max-snippet:-1, max-image-preview:large, max-video-preview:-1\" \/>\n<link rel=\"canonical\" href=\"https:\/\/art.if.com.tr\/?page_id=23701\" \/>\n<meta property=\"og:locale\" content=\"tr_TR\" \/>\n<meta property=\"og:type\" content=\"article\" \/>\n<meta property=\"og:title\" content=\"F - Emel - Orhan Karado\u011fan Koleksiyonu\" \/>\n<meta property=\"og:description\" content=\"Fahri S\u00fcmer Fahriye E\u015fk\u0131l Fahr\u00fcnisa Zeyd Fatih Ba\u015fbu\u011f Fatih Sarmanl\u0131 Fatih Urun\u00e7 Fatih Uysal Fatmanur \u00d6nc\u00fcl Fehim \u00d6ner Canik Ferda Pulhan Ferhat Arat Ferit Apa Ferit \u00d6zdemir Fevzi Ta\u015fk\u0131ran Feyrouz Abou Antuan Figen Ergin Fikret Mualla Fikret Otyam Filiz \u00c7a\u011f\u0131n Franklyn Soto Carballo Frederic Mebiola Fuat Arat Funda Karada\u011f F\u00fcsun \u00c7a\u011flayan F\u00fcsun S\u00fcnnet\u00e7io\u011flu\" \/>\n<meta property=\"og:url\" content=\"https:\/\/art.if.com.tr\/?page_id=23701\" \/>\n<meta property=\"og:site_name\" content=\"Emel - Orhan Karado\u011fan Koleksiyonu\" \/>\n<meta property=\"article:modified_time\" content=\"2023-03-21T09:40:16+00:00\" \/>\n<meta name=\"twitter:card\" content=\"summary_large_image\" \/>\n<script type=\"application\/ld+json\" class=\"yoast-schema-graph\">{\"@context\":\"https:\\\/\\\/schema.org\",\"@graph\":[{\"@type\":\"WebPage\",\"@id\":\"https:\\\/\\\/art.if.com.tr\\\/?page_id=23701\",\"url\":\"https:\\\/\\\/art.if.com.tr\\\/?page_id=23701\",\"name\":\"F - Emel - Orhan Karado\u011fan Koleksiyonu\",\"isPartOf\":{\"@id\":\"https:\\\/\\\/art.if.com.tr\\\/#website\"},\"datePublished\":\"2022-08-11T11:06:21+00:00\",\"dateModified\":\"2023-03-21T09:40:16+00:00\",\"breadcrumb\":{\"@id\":\"https:\\\/\\\/art.if.com.tr\\\/?page_id=23701#breadcrumb\"},\"inLanguage\":\"tr\",\"potentialAction\":[{\"@type\":\"ReadAction\",\"target\":[\"https:\\\/\\\/art.if.com.tr\\\/?page_id=23701\"]}]},{\"@type\":\"BreadcrumbList\",\"@id\":\"https:\\\/\\\/art.if.com.tr\\\/?page_id=23701#breadcrumb\",\"itemListElement\":[{\"@type\":\"ListItem\",\"position\":1,\"name\":\"Anasayfa\",\"item\":\"https:\\\/\\\/art.if.com.tr\\\/\"},{\"@type\":\"ListItem\",\"position\":2,\"name\":\"Eserler\",\"item\":\"https:\\\/\\\/art.if.com.tr\\\/?page_id=23674\"},{\"@type\":\"ListItem\",\"position\":3,\"name\":\"F\"}]},{\"@type\":\"WebSite\",\"@id\":\"https:\\\/\\\/art.if.com.tr\\\/#website\",\"url\":\"https:\\\/\\\/art.if.com.tr\\\/\",\"name\":\"Emel - Orhan Karado\u011fan Koleksiyonu\",\"description\":\"\",\"publisher\":{\"@id\":\"https:\\\/\\\/art.if.com.tr\\\/#organization\"},\"potentialAction\":[{\"@type\":\"SearchAction\",\"target\":{\"@type\":\"EntryPoint\",\"urlTemplate\":\"https:\\\/\\\/art.if.com.tr\\\/?s={search_term_string}\"},\"query-input\":{\"@type\":\"PropertyValueSpecification\",\"valueRequired\":true,\"valueName\":\"search_term_string\"}}],\"inLanguage\":\"tr\"},{\"@type\":\"Organization\",\"@id\":\"https:\\\/\\\/art.if.com.tr\\\/#organization\",\"name\":\"Emel - Orhan Karado\u011fan Koleksiyonu\",\"url\":\"https:\\\/\\\/art.if.com.tr\\\/\",\"logo\":{\"@type\":\"ImageObject\",\"inLanguage\":\"tr\",\"@id\":\"https:\\\/\\\/art.if.com.tr\\\/#\\\/schema\\\/logo\\\/image\\\/\",\"url\":\"https:\\\/\\\/art.if.com.tr\\\/wp-content\\\/uploads\\\/2022\\\/07\\\/150x150-iF-Art-logo-e1658997012336.png\",\"contentUrl\":\"https:\\\/\\\/art.if.com.tr\\\/wp-content\\\/uploads\\\/2022\\\/07\\\/150x150-iF-Art-logo-e1658997012336.png\",\"width\":150,\"height\":118,\"caption\":\"Emel - Orhan Karado\u011fan Koleksiyonu\"},\"image\":{\"@id\":\"https:\\\/\\\/art.if.com.tr\\\/#\\\/schema\\\/logo\\\/image\\\/\"}}]}<\/script>\n<!-- \/ Yoast SEO plugin. -->","yoast_head_json":{"title":"F - Emel - Orhan Karado\u011fan Koleksiyonu","robots":{"index":"index","follow":"follow","max-snippet":"max-snippet:-1","max-image-preview":"max-image-preview:large","max-video-preview":"max-video-preview:-1"},"canonical":"https:\/\/art.if.com.tr\/?page_id=23701","og_locale":"tr_TR","og_type":"article","og_title":"F - Emel - Orhan Karado\u011fan Koleksiyonu","og_description":"Fahri S\u00fcmer Fahriye E\u015fk\u0131l Fahr\u00fcnisa Zeyd Fatih Ba\u015fbu\u011f Fatih Sarmanl\u0131 Fatih Urun\u00e7 Fatih Uysal Fatmanur \u00d6nc\u00fcl Fehim \u00d6ner Canik Ferda Pulhan Ferhat Arat Ferit Apa Ferit \u00d6zdemir Fevzi Ta\u015fk\u0131ran Feyrouz Abou Antuan Figen Ergin Fikret Mualla Fikret Otyam Filiz \u00c7a\u011f\u0131n Franklyn Soto Carballo Frederic Mebiola Fuat Arat Funda Karada\u011f F\u00fcsun \u00c7a\u011flayan F\u00fcsun S\u00fcnnet\u00e7io\u011flu","og_url":"https:\/\/art.if.com.tr\/?page_id=23701","og_site_name":"Emel - Orhan Karado\u011fan Koleksiyonu","article_modified_time":"2023-03-21T09:40:16+00:00","twitter_card":"summary_large_image","schema":{"@context":"https:\/\/schema.org","@graph":[{"@type":"WebPage","@id":"https:\/\/art.if.com.tr\/?page_id=23701","url":"https:\/\/art.if.com.tr\/?page_id=23701","name":"F - Emel - Orhan Karado\u011fan Koleksiyonu","isPartOf":{"@id":"https:\/\/art.if.com.tr\/#website"},"datePublished":"2022-08-11T11:06:21+00:00","dateModified":"2023-03-21T09:40:16+00:00","breadcrumb":{"@id":"https:\/\/art.if.com.tr\/?page_id=23701#breadcrumb"},"inLanguage":"tr","potentialAction":[{"@type":"ReadAction","target":["https:\/\/art.if.com.tr\/?page_id=23701"]}]},{"@type":"BreadcrumbList","@id":"https:\/\/art.if.com.tr\/?page_id=23701#breadcrumb","itemListElement":[{"@type":"ListItem","position":1,"name":"Anasayfa","item":"https:\/\/art.if.com.tr\/"},{"@type":"ListItem","position":2,"name":"Eserler","item":"https:\/\/art.if.com.tr\/?page_id=23674"},{"@type":"ListItem","position":3,"name":"F"}]},{"@type":"WebSite","@id":"https:\/\/art.if.com.tr\/#website","url":"https:\/\/art.if.com.tr\/","name":"Emel - Orhan Karado\u011fan Koleksiyonu","description":"","publisher":{"@id":"https:\/\/art.if.com.tr\/#organization"},"potentialAction":[{"@type":"SearchAction","target":{"@type":"EntryPoint","urlTemplate":"https:\/\/art.if.com.tr\/?s={search_term_string}"},"query-input":{"@type":"PropertyValueSpecification","valueRequired":true,"valueName":"search_term_string"}}],"inLanguage":"tr"},{"@type":"Organization","@id":"https:\/\/art.if.com.tr\/#organization","name":"Emel - Orhan Karado\u011fan Koleksiyonu","url":"https:\/\/art.if.com.tr\/","logo":{"@type":"ImageObject","inLanguage":"tr","@id":"https:\/\/art.if.com.tr\/#\/schema\/logo\/image\/","url":"https:\/\/art.if.com.tr\/wp-content\/uploads\/2022\/07\/150x150-iF-Art-logo-e1658997012336.png","contentUrl":"https:\/\/art.if.com.tr\/wp-content\/uploads\/2022\/07\/150x150-iF-Art-logo-e1658997012336.png","width":150,"height":118,"caption":"Emel - Orhan Karado\u011fan Koleksiyonu"},"image":{"@id":"https:\/\/art.if.com.tr\/#\/schema\/logo\/image\/"}}]}},"_links":{"self":[{"href":"https:\/\/art.if.com.tr\/index.php?rest_route=\/wp\/v2\/pages\/23701","targetHints":{"allow":["GET"]}}],"collection":[{"href":"https:\/\/art.if.com.tr\/index.php?rest_route=\/wp\/v2\/pages"}],"about":[{"href":"https:\/\/art.if.com.tr\/index.php?rest_route=\/wp\/v2\/types\/page"}],"author":[{"embeddable":true,"href":"https:\/\/art.if.com.tr\/index.php?rest_route=\/wp\/v2\/users\/1"}],"replies":[{"embeddable":true,"href":"https:\/\/art.if.com.tr\/index.php?rest_route=%2Fwp%2Fv2%2Fcomments&post=23701"}],"version-history":[{"count":2,"href":"https:\/\/art.if.com.tr\/index.php?rest_route=\/wp\/v2\/pages\/23701\/revisions"}],"predecessor-version":[{"id":24273,"href":"https:\/\/art.if.com.tr\/index.php?rest_route=\/wp\/v2\/pages\/23701\/revisions\/24273"}],"up":[{"embeddable":true,"href":"https:\/\/art.if.com.tr\/index.php?rest_route=\/wp\/v2\/pages\/23674"}],"wp:attachment":[{"href":"https:\/\/art.if.com.tr\/index.php?rest_route=%2Fwp%2Fv2%2Fmedia&parent=23701"}],"curies":[{"name":"wp","href":"https:\/\/api.w.org\/{rel}","templated":true}]}}