{"id":23698,"date":"2022-08-11T13:00:22","date_gmt":"2022-08-11T10:00:22","guid":{"rendered":"https:\/\/art.if.com.tr\/?page_id=23698"},"modified":"2022-09-21T18:21:46","modified_gmt":"2022-09-21T15:21:46","slug":"e","status":"publish","type":"page","link":"https:\/\/art.if.com.tr\/?page_id=23698","title":{"rendered":"E"},"content":{"rendered":"<div id=\"pl-gb23698-69f74f5d366ea\"  class=\"panel-layout\" ><div id=\"pg-gb23698-69f74f5d366ea-0\"  class=\"panel-grid panel-no-style\" ><div id=\"pgc-gb23698-69f74f5d366ea-0-0\"  class=\"panel-grid-cell panel-grid-cell-empty\" ><\/div><div id=\"pgc-gb23698-69f74f5d366ea-0-1\"  class=\"panel-grid-cell\" ><div id=\"panel-gb23698-69f74f5d366ea-0-1-0\" class=\"so-panel widget widget_sow-editor panel-first-child panel-last-child\" data-index=\"0\" ><div\n\t\t\t\n\t\t\tclass=\"so-widget-sow-editor so-widget-sow-editor-base\"\n\t\t\t\n\t\t>\n<div class=\"siteorigin-widget-tinymce textwidget\">\n\t<ul class=\"children\">\n<li id=\"category-199\"><a href=\"https:\/\/art.if.com.tr\/?cat=199\">Eda \u00c7\u0131\u011f\u0131rl\u0131<\/a><\/li>\n<li id=\"category-511\"><a href=\"https:\/\/art.if.com.tr\/?cat=511\">Ekrem Kahraman<\/a><\/li>\n<li id=\"category-408\"><a href=\"https:\/\/art.if.com.tr\/?cat=408\">El\u00e7in \u00dcnal<\/a><\/li>\n<li id=\"category-294\"><a href=\"https:\/\/art.if.com.tr\/?cat=294\">Elif Ak\u0131nc\u0131<\/a><\/li>\n<li id=\"category-287\"><a href=\"https:\/\/art.if.com.tr\/?cat=287\">Elif Beren \u015eeneldi<\/a><\/li>\n<li><a href=\"https:\/\/art.if.com.tr\/?cat=821\">Elif Demir<\/a><\/li>\n<li id=\"category-157\"><a href=\"https:\/\/art.if.com.tr\/?cat=157\">Elif Okur Tolun<\/a><\/li>\n<li id=\"category-385\"><a href=\"https:\/\/art.if.com.tr\/?cat=385\">Elif Sude Aydo\u011fdu<\/a><\/li>\n<li id=\"category-422\"><a href=\"https:\/\/art.if.com.tr\/?cat=422\">Emile Sacre<\/a><\/li>\n<li id=\"category-512\"><a href=\"https:\/\/art.if.com.tr\/?cat=512\">Emine At\u0131c\u0131<\/a><\/li>\n<li id=\"category-227\"><a href=\"https:\/\/art.if.com.tr\/?cat=227\">Emine B\u0131y\u0131kl\u0131<\/a><\/li>\n<li id=\"category-233\"><a href=\"https:\/\/art.if.com.tr\/?cat=233\">Emine Dertlio\u011flu<\/a><\/li>\n<li id=\"category-42\"><a href=\"https:\/\/art.if.com.tr\/?cat=42\">Emre Tand\u0131rl\u0131<\/a><\/li>\n<li id=\"category-513\"><a href=\"https:\/\/art.if.com.tr\/?cat=513\">Enis Akta\u015f<\/a><\/li>\n<li id=\"category-409\"><a href=\"https:\/\/art.if.com.tr\/?cat=409\">Enis Malik Duran<\/a><\/li>\n<li id=\"category-43\"><a href=\"https:\/\/art.if.com.tr\/?cat=43\">Ercan Ak\u00e7etin<\/a><\/li>\n<li id=\"category-514\"><a href=\"https:\/\/art.if.com.tr\/?cat=514\">Ercan Arslan<\/a><\/li>\n<li id=\"category-519\"><a href=\"https:\/\/art.if.com.tr\/?cat=519\">Ercan G\u00fclen<\/a><\/li>\n<li id=\"category-45\"><a href=\"https:\/\/art.if.com.tr\/?cat=45\">Erdem \u00c7akmac\u0131k<\/a><\/li>\n<li id=\"category-517\"><a href=\"https:\/\/art.if.com.tr\/?cat=517\">Eren Ey\u00fcbo\u011flu<\/a><\/li>\n<li id=\"category-516\"><a href=\"https:\/\/art.if.com.tr\/?cat=516\">Erhan \u00c7elik<\/a><\/li>\n<li id=\"category-518\"><a href=\"https:\/\/art.if.com.tr\/?cat=518\">Erkan Ezer<\/a><\/li>\n<li id=\"category-277\"><a href=\"https:\/\/art.if.com.tr\/?cat=277\">Erkan Moca<\/a><\/li>\n<li id=\"category-46\"><a href=\"https:\/\/art.if.com.tr\/?cat=46\">Erkan Yaprakk\u0131ran<\/a><\/li>\n<li id=\"category-284\"><a href=\"https:\/\/art.if.com.tr\/?cat=284\">Erkin Keskin<\/a><\/li>\n<li id=\"category-515\"><a href=\"https:\/\/art.if.com.tr\/?cat=515\">Ertu\u011frul \u00c7ak\u0131r<\/a><\/li>\n<li id=\"category-47\"><a href=\"https:\/\/art.if.com.tr\/?cat=47\">Esat Acet<\/a><\/li>\n<li id=\"category-48\"><a href=\"https:\/\/art.if.com.tr\/?cat=48\">Eser Afacan<\/a><\/li>\n<li id=\"category-266\"><a href=\"https:\/\/art.if.com.tr\/?cat=266\">Eser Ege G\u00fcray<\/a><\/li>\n<li id=\"category-521\"><a href=\"https:\/\/art.if.com.tr\/?cat=521\">Esin Avgan<\/a><\/li>\n<li id=\"category-231\"><a href=\"https:\/\/art.if.com.tr\/?cat=231\">Esra Kaya<\/a><\/li>\n<li id=\"category-351\"><a href=\"https:\/\/art.if.com.tr\/?cat=351\">Esra S\u00fcer<\/a><\/li>\n<li id=\"category-520\"><a href=\"https:\/\/art.if.com.tr\/?cat=520\">E\u015fref Arma\u011fan<\/a><\/li>\n<li id=\"category-259\"><a href=\"https:\/\/art.if.com.tr\/?cat=259\">Eyl\u00fcl Per\u00e7in<\/a><\/li>\n<\/ul>\n<\/div>\n<\/div><\/div><\/div><\/div><\/div>","protected":false},"excerpt":{"rendered":"<p>Eda \u00c7\u0131\u011f\u0131rl\u0131 Ekrem Kahraman El\u00e7in \u00dcnal Elif Ak\u0131nc\u0131 Elif Beren \u015eeneldi Elif Demir Elif Okur Tolun Elif Sude Aydo\u011fdu Emile Sacre Emine At\u0131c\u0131 Emine B\u0131y\u0131kl\u0131 Emine Dertlio\u011flu Emre Tand\u0131rl\u0131 Enis Akta\u015f Enis Malik Duran Ercan Ak\u00e7etin Ercan Arslan Ercan G\u00fclen Erdem \u00c7akmac\u0131k Eren Ey\u00fcbo\u011flu Erhan \u00c7elik Erkan Ezer Erkan Moca Erkan Yaprakk\u0131ran Erkin Keskin Ertu\u011frul &hellip; <\/p>\n","protected":false},"author":1,"featured_media":0,"parent":23674,"menu_order":1,"comment_status":"closed","ping_status":"closed","template":"","meta":{"footnotes":""},"class_list":["post-23698","page","type-page","status-publish","hentry"],"yoast_head":"<!-- This site is optimized with the Yoast SEO plugin v27.5 - https:\/\/yoast.com\/product\/yoast-seo-wordpress\/ -->\n<title>E - Emel - Orhan Karado\u011fan Koleksiyonu<\/title>\n<meta name=\"robots\" content=\"index, follow, max-snippet:-1, max-image-preview:large, max-video-preview:-1\" \/>\n<link rel=\"canonical\" href=\"https:\/\/art.if.com.tr\/?page_id=23698\" \/>\n<meta property=\"og:locale\" content=\"tr_TR\" \/>\n<meta property=\"og:type\" content=\"article\" \/>\n<meta property=\"og:title\" content=\"E - Emel - Orhan Karado\u011fan Koleksiyonu\" \/>\n<meta property=\"og:description\" content=\"Eda \u00c7\u0131\u011f\u0131rl\u0131 Ekrem Kahraman El\u00e7in \u00dcnal Elif Ak\u0131nc\u0131 Elif Beren \u015eeneldi Elif Demir Elif Okur Tolun Elif Sude Aydo\u011fdu Emile Sacre Emine At\u0131c\u0131 Emine B\u0131y\u0131kl\u0131 Emine Dertlio\u011flu Emre Tand\u0131rl\u0131 Enis Akta\u015f Enis Malik Duran Ercan Ak\u00e7etin Ercan Arslan Ercan G\u00fclen Erdem \u00c7akmac\u0131k Eren Ey\u00fcbo\u011flu Erhan \u00c7elik Erkan Ezer Erkan Moca Erkan Yaprakk\u0131ran Erkin Keskin Ertu\u011frul &hellip;\" \/>\n<meta property=\"og:url\" content=\"https:\/\/art.if.com.tr\/?page_id=23698\" \/>\n<meta property=\"og:site_name\" content=\"Emel - Orhan Karado\u011fan Koleksiyonu\" \/>\n<meta property=\"article:modified_time\" content=\"2022-09-21T15:21:46+00:00\" \/>\n<meta name=\"twitter:card\" content=\"summary_large_image\" \/>\n<script type=\"application\/ld+json\" class=\"yoast-schema-graph\">{\"@context\":\"https:\\\/\\\/schema.org\",\"@graph\":[{\"@type\":\"WebPage\",\"@id\":\"https:\\\/\\\/art.if.com.tr\\\/?page_id=23698\",\"url\":\"https:\\\/\\\/art.if.com.tr\\\/?page_id=23698\",\"name\":\"E - Emel - Orhan Karado\u011fan Koleksiyonu\",\"isPartOf\":{\"@id\":\"https:\\\/\\\/art.if.com.tr\\\/#website\"},\"datePublished\":\"2022-08-11T10:00:22+00:00\",\"dateModified\":\"2022-09-21T15:21:46+00:00\",\"breadcrumb\":{\"@id\":\"https:\\\/\\\/art.if.com.tr\\\/?page_id=23698#breadcrumb\"},\"inLanguage\":\"tr\",\"potentialAction\":[{\"@type\":\"ReadAction\",\"target\":[\"https:\\\/\\\/art.if.com.tr\\\/?page_id=23698\"]}]},{\"@type\":\"BreadcrumbList\",\"@id\":\"https:\\\/\\\/art.if.com.tr\\\/?page_id=23698#breadcrumb\",\"itemListElement\":[{\"@type\":\"ListItem\",\"position\":1,\"name\":\"Anasayfa\",\"item\":\"https:\\\/\\\/art.if.com.tr\\\/\"},{\"@type\":\"ListItem\",\"position\":2,\"name\":\"Eserler\",\"item\":\"https:\\\/\\\/art.if.com.tr\\\/?page_id=23674\"},{\"@type\":\"ListItem\",\"position\":3,\"name\":\"E\"}]},{\"@type\":\"WebSite\",\"@id\":\"https:\\\/\\\/art.if.com.tr\\\/#website\",\"url\":\"https:\\\/\\\/art.if.com.tr\\\/\",\"name\":\"Emel - Orhan Karado\u011fan Koleksiyonu\",\"description\":\"\",\"publisher\":{\"@id\":\"https:\\\/\\\/art.if.com.tr\\\/#organization\"},\"potentialAction\":[{\"@type\":\"SearchAction\",\"target\":{\"@type\":\"EntryPoint\",\"urlTemplate\":\"https:\\\/\\\/art.if.com.tr\\\/?s={search_term_string}\"},\"query-input\":{\"@type\":\"PropertyValueSpecification\",\"valueRequired\":true,\"valueName\":\"search_term_string\"}}],\"inLanguage\":\"tr\"},{\"@type\":\"Organization\",\"@id\":\"https:\\\/\\\/art.if.com.tr\\\/#organization\",\"name\":\"Emel - Orhan Karado\u011fan Koleksiyonu\",\"url\":\"https:\\\/\\\/art.if.com.tr\\\/\",\"logo\":{\"@type\":\"ImageObject\",\"inLanguage\":\"tr\",\"@id\":\"https:\\\/\\\/art.if.com.tr\\\/#\\\/schema\\\/logo\\\/image\\\/\",\"url\":\"https:\\\/\\\/art.if.com.tr\\\/wp-content\\\/uploads\\\/2022\\\/07\\\/150x150-iF-Art-logo-e1658997012336.png\",\"contentUrl\":\"https:\\\/\\\/art.if.com.tr\\\/wp-content\\\/uploads\\\/2022\\\/07\\\/150x150-iF-Art-logo-e1658997012336.png\",\"width\":150,\"height\":118,\"caption\":\"Emel - Orhan Karado\u011fan Koleksiyonu\"},\"image\":{\"@id\":\"https:\\\/\\\/art.if.com.tr\\\/#\\\/schema\\\/logo\\\/image\\\/\"}}]}<\/script>\n<!-- \/ Yoast SEO plugin. -->","yoast_head_json":{"title":"E - Emel - Orhan Karado\u011fan Koleksiyonu","robots":{"index":"index","follow":"follow","max-snippet":"max-snippet:-1","max-image-preview":"max-image-preview:large","max-video-preview":"max-video-preview:-1"},"canonical":"https:\/\/art.if.com.tr\/?page_id=23698","og_locale":"tr_TR","og_type":"article","og_title":"E - Emel - Orhan Karado\u011fan Koleksiyonu","og_description":"Eda \u00c7\u0131\u011f\u0131rl\u0131 Ekrem Kahraman El\u00e7in \u00dcnal Elif Ak\u0131nc\u0131 Elif Beren \u015eeneldi Elif Demir Elif Okur Tolun Elif Sude Aydo\u011fdu Emile Sacre Emine At\u0131c\u0131 Emine B\u0131y\u0131kl\u0131 Emine Dertlio\u011flu Emre Tand\u0131rl\u0131 Enis Akta\u015f Enis Malik Duran Ercan Ak\u00e7etin Ercan Arslan Ercan G\u00fclen Erdem \u00c7akmac\u0131k Eren Ey\u00fcbo\u011flu Erhan \u00c7elik Erkan Ezer Erkan Moca Erkan Yaprakk\u0131ran Erkin Keskin Ertu\u011frul &hellip;","og_url":"https:\/\/art.if.com.tr\/?page_id=23698","og_site_name":"Emel - Orhan Karado\u011fan Koleksiyonu","article_modified_time":"2022-09-21T15:21:46+00:00","twitter_card":"summary_large_image","schema":{"@context":"https:\/\/schema.org","@graph":[{"@type":"WebPage","@id":"https:\/\/art.if.com.tr\/?page_id=23698","url":"https:\/\/art.if.com.tr\/?page_id=23698","name":"E - Emel - Orhan Karado\u011fan Koleksiyonu","isPartOf":{"@id":"https:\/\/art.if.com.tr\/#website"},"datePublished":"2022-08-11T10:00:22+00:00","dateModified":"2022-09-21T15:21:46+00:00","breadcrumb":{"@id":"https:\/\/art.if.com.tr\/?page_id=23698#breadcrumb"},"inLanguage":"tr","potentialAction":[{"@type":"ReadAction","target":["https:\/\/art.if.com.tr\/?page_id=23698"]}]},{"@type":"BreadcrumbList","@id":"https:\/\/art.if.com.tr\/?page_id=23698#breadcrumb","itemListElement":[{"@type":"ListItem","position":1,"name":"Anasayfa","item":"https:\/\/art.if.com.tr\/"},{"@type":"ListItem","position":2,"name":"Eserler","item":"https:\/\/art.if.com.tr\/?page_id=23674"},{"@type":"ListItem","position":3,"name":"E"}]},{"@type":"WebSite","@id":"https:\/\/art.if.com.tr\/#website","url":"https:\/\/art.if.com.tr\/","name":"Emel - Orhan Karado\u011fan Koleksiyonu","description":"","publisher":{"@id":"https:\/\/art.if.com.tr\/#organization"},"potentialAction":[{"@type":"SearchAction","target":{"@type":"EntryPoint","urlTemplate":"https:\/\/art.if.com.tr\/?s={search_term_string}"},"query-input":{"@type":"PropertyValueSpecification","valueRequired":true,"valueName":"search_term_string"}}],"inLanguage":"tr"},{"@type":"Organization","@id":"https:\/\/art.if.com.tr\/#organization","name":"Emel - Orhan Karado\u011fan Koleksiyonu","url":"https:\/\/art.if.com.tr\/","logo":{"@type":"ImageObject","inLanguage":"tr","@id":"https:\/\/art.if.com.tr\/#\/schema\/logo\/image\/","url":"https:\/\/art.if.com.tr\/wp-content\/uploads\/2022\/07\/150x150-iF-Art-logo-e1658997012336.png","contentUrl":"https:\/\/art.if.com.tr\/wp-content\/uploads\/2022\/07\/150x150-iF-Art-logo-e1658997012336.png","width":150,"height":118,"caption":"Emel - Orhan Karado\u011fan Koleksiyonu"},"image":{"@id":"https:\/\/art.if.com.tr\/#\/schema\/logo\/image\/"}}]}},"_links":{"self":[{"href":"https:\/\/art.if.com.tr\/index.php?rest_route=\/wp\/v2\/pages\/23698","targetHints":{"allow":["GET"]}}],"collection":[{"href":"https:\/\/art.if.com.tr\/index.php?rest_route=\/wp\/v2\/pages"}],"about":[{"href":"https:\/\/art.if.com.tr\/index.php?rest_route=\/wp\/v2\/types\/page"}],"author":[{"embeddable":true,"href":"https:\/\/art.if.com.tr\/index.php?rest_route=\/wp\/v2\/users\/1"}],"replies":[{"embeddable":true,"href":"https:\/\/art.if.com.tr\/index.php?rest_route=%2Fwp%2Fv2%2Fcomments&post=23698"}],"version-history":[{"count":3,"href":"https:\/\/art.if.com.tr\/index.php?rest_route=\/wp\/v2\/pages\/23698\/revisions"}],"predecessor-version":[{"id":23890,"href":"https:\/\/art.if.com.tr\/index.php?rest_route=\/wp\/v2\/pages\/23698\/revisions\/23890"}],"up":[{"embeddable":true,"href":"https:\/\/art.if.com.tr\/index.php?rest_route=\/wp\/v2\/pages\/23674"}],"wp:attachment":[{"href":"https:\/\/art.if.com.tr\/index.php?rest_route=%2Fwp%2Fv2%2Fmedia&parent=23698"}],"curies":[{"name":"wp","href":"https:\/\/api.w.org\/{rel}","templated":true}]}}