{"id":23685,"date":"2022-08-09T19:09:57","date_gmt":"2022-08-09T16:09:57","guid":{"rendered":"https:\/\/art.if.com.tr\/?page_id=23685"},"modified":"2024-03-18T15:00:10","modified_gmt":"2024-03-18T12:00:10","slug":"c-c","status":"publish","type":"page","link":"https:\/\/art.if.com.tr\/?page_id=23685","title":{"rendered":"C-\u00c7"},"content":{"rendered":"<div id=\"pl-gb23685-69f74f6c162c2\"  class=\"panel-layout\" ><div id=\"pg-gb23685-69f74f6c162c2-0\"  class=\"panel-grid panel-no-style\" ><div id=\"pgc-gb23685-69f74f6c162c2-0-0\"  class=\"panel-grid-cell panel-grid-cell-empty\" ><\/div><div id=\"pgc-gb23685-69f74f6c162c2-0-1\"  class=\"panel-grid-cell\" ><div id=\"panel-gb23685-69f74f6c162c2-0-1-0\" class=\"so-panel widget widget_sow-editor panel-first-child panel-last-child\" data-index=\"0\" ><div\n\t\t\t\n\t\t\tclass=\"so-widget-sow-editor so-widget-sow-editor-base\"\n\t\t\t\n\t\t>\n<div class=\"siteorigin-widget-tinymce textwidget\">\n\t<ul class=\"children\">\n<li id=\"category-503\"><a href=\"https:\/\/art.if.com.tr\/?cat=503\">Can G\u00f6knil<\/a><\/li>\n<li id=\"category-321\"><a href=\"https:\/\/art.if.com.tr\/?cat=321\">Can Karado\u011fan<\/a><\/li>\n<li id=\"category-502\"><a href=\"https:\/\/art.if.com.tr\/?cat=502\">Caner Ekin<\/a><\/li>\n<li id=\"category-461\"><a href=\"https:\/\/art.if.com.tr\/?cat=461\">Carlos Diaz Sanchez<\/a><\/li>\n<li id=\"category-34\"><a href=\"https:\/\/art.if.com.tr\/?cat=34\">Cavit Atmaca<\/a><\/li>\n<li id=\"category-505\"><a href=\"https:\/\/art.if.com.tr\/?cat=505\">Cemal G\u00fcven\u00e7<\/a><\/li>\n<li id=\"category-506\"><a href=\"https:\/\/art.if.com.tr\/?cat=506\">Cemil \u00dcnl\u00fct\u00fcrk G\u00f6k\u00e7en Ta\u015fk\u0131ran<\/a><\/li>\n<li id=\"category-504\"><a href=\"https:\/\/art.if.com.tr\/?cat=504\">Cemile \u00c7evik<\/a><\/li>\n<li id=\"category-35\"><a href=\"https:\/\/art.if.com.tr\/?cat=35\">Cengiz U\u011fur<\/a><\/li>\n<li id=\"category-384\"><a href=\"https:\/\/art.if.com.tr\/?cat=384\">Ceren Uca<\/a><\/li>\n<li id=\"category-36\"><a href=\"https:\/\/art.if.com.tr\/?cat=36\">\u00c7etin Erokay<\/a><\/li>\n<li id=\"category-37\"><a href=\"https:\/\/art.if.com.tr\/?cat=37\">Ceylan E\u015fit<\/a><\/li>\n<li id=\"category-440\"><a href=\"https:\/\/art.if.com.tr\/?cat=440\">Charlotte<\/a><\/li>\n<li id=\"category-507\"><a href=\"https:\/\/art.if.com.tr\/?cat=507\">Cihat \u00d6zegemen<\/a><\/li>\n<li id=\"category-508\"><a href=\"https:\/\/art.if.com.tr\/?cat=508\">\u00c7oban Ressam<\/a><\/li>\n<li id=\"category-472\"><a href=\"https:\/\/art.if.com.tr\/?cat=472\">Counsell<\/a><\/li>\n<li id=\"category-509\"><a href=\"https:\/\/art.if.com.tr\/?cat=509\">Cuma Ocakl\u0131<\/a><\/li>\n<\/ul>\n<\/div>\n<\/div><\/div><\/div><\/div><\/div>","protected":false},"excerpt":{"rendered":"<p>Can G\u00f6knil Can Karado\u011fan Caner Ekin Carlos Diaz Sanchez Cavit Atmaca Cemal G\u00fcven\u00e7 Cemil \u00dcnl\u00fct\u00fcrk G\u00f6k\u00e7en Ta\u015fk\u0131ran Cemile \u00c7evik Cengiz U\u011fur Ceren Uca \u00c7etin Erokay Ceylan E\u015fit Charlotte Cihat \u00d6zegemen \u00c7oban Ressam Counsell Cuma Ocakl\u0131<\/p>\n","protected":false},"author":1,"featured_media":0,"parent":23674,"menu_order":1,"comment_status":"closed","ping_status":"closed","template":"","meta":{"footnotes":""},"class_list":["post-23685","page","type-page","status-publish","hentry"],"yoast_head":"<!-- This site is optimized with the Yoast SEO plugin v27.5 - https:\/\/yoast.com\/product\/yoast-seo-wordpress\/ -->\n<title>C-\u00c7 - Emel - Orhan Karado\u011fan Koleksiyonu<\/title>\n<meta name=\"robots\" content=\"index, follow, max-snippet:-1, max-image-preview:large, max-video-preview:-1\" \/>\n<link rel=\"canonical\" href=\"https:\/\/art.if.com.tr\/?page_id=23685\" \/>\n<meta property=\"og:locale\" content=\"tr_TR\" \/>\n<meta property=\"og:type\" content=\"article\" \/>\n<meta property=\"og:title\" content=\"C-\u00c7 - Emel - Orhan Karado\u011fan Koleksiyonu\" \/>\n<meta property=\"og:description\" content=\"Can G\u00f6knil Can Karado\u011fan Caner Ekin Carlos Diaz Sanchez Cavit Atmaca Cemal G\u00fcven\u00e7 Cemil \u00dcnl\u00fct\u00fcrk G\u00f6k\u00e7en Ta\u015fk\u0131ran Cemile \u00c7evik Cengiz U\u011fur Ceren Uca \u00c7etin Erokay Ceylan E\u015fit Charlotte Cihat \u00d6zegemen \u00c7oban Ressam Counsell Cuma Ocakl\u0131\" \/>\n<meta property=\"og:url\" content=\"https:\/\/art.if.com.tr\/?page_id=23685\" \/>\n<meta property=\"og:site_name\" content=\"Emel - Orhan Karado\u011fan Koleksiyonu\" \/>\n<meta property=\"article:modified_time\" content=\"2024-03-18T12:00:10+00:00\" \/>\n<meta name=\"twitter:card\" content=\"summary_large_image\" \/>\n<script type=\"application\/ld+json\" class=\"yoast-schema-graph\">{\"@context\":\"https:\\\/\\\/schema.org\",\"@graph\":[{\"@type\":\"WebPage\",\"@id\":\"https:\\\/\\\/art.if.com.tr\\\/?page_id=23685\",\"url\":\"https:\\\/\\\/art.if.com.tr\\\/?page_id=23685\",\"name\":\"C-\u00c7 - Emel - Orhan Karado\u011fan Koleksiyonu\",\"isPartOf\":{\"@id\":\"https:\\\/\\\/art.if.com.tr\\\/#website\"},\"datePublished\":\"2022-08-09T16:09:57+00:00\",\"dateModified\":\"2024-03-18T12:00:10+00:00\",\"breadcrumb\":{\"@id\":\"https:\\\/\\\/art.if.com.tr\\\/?page_id=23685#breadcrumb\"},\"inLanguage\":\"tr\",\"potentialAction\":[{\"@type\":\"ReadAction\",\"target\":[\"https:\\\/\\\/art.if.com.tr\\\/?page_id=23685\"]}]},{\"@type\":\"BreadcrumbList\",\"@id\":\"https:\\\/\\\/art.if.com.tr\\\/?page_id=23685#breadcrumb\",\"itemListElement\":[{\"@type\":\"ListItem\",\"position\":1,\"name\":\"Anasayfa\",\"item\":\"https:\\\/\\\/art.if.com.tr\\\/\"},{\"@type\":\"ListItem\",\"position\":2,\"name\":\"Eserler\",\"item\":\"https:\\\/\\\/art.if.com.tr\\\/?page_id=23674\"},{\"@type\":\"ListItem\",\"position\":3,\"name\":\"C-\u00c7\"}]},{\"@type\":\"WebSite\",\"@id\":\"https:\\\/\\\/art.if.com.tr\\\/#website\",\"url\":\"https:\\\/\\\/art.if.com.tr\\\/\",\"name\":\"Emel - Orhan Karado\u011fan Koleksiyonu\",\"description\":\"\",\"publisher\":{\"@id\":\"https:\\\/\\\/art.if.com.tr\\\/#organization\"},\"potentialAction\":[{\"@type\":\"SearchAction\",\"target\":{\"@type\":\"EntryPoint\",\"urlTemplate\":\"https:\\\/\\\/art.if.com.tr\\\/?s={search_term_string}\"},\"query-input\":{\"@type\":\"PropertyValueSpecification\",\"valueRequired\":true,\"valueName\":\"search_term_string\"}}],\"inLanguage\":\"tr\"},{\"@type\":\"Organization\",\"@id\":\"https:\\\/\\\/art.if.com.tr\\\/#organization\",\"name\":\"Emel - Orhan Karado\u011fan Koleksiyonu\",\"url\":\"https:\\\/\\\/art.if.com.tr\\\/\",\"logo\":{\"@type\":\"ImageObject\",\"inLanguage\":\"tr\",\"@id\":\"https:\\\/\\\/art.if.com.tr\\\/#\\\/schema\\\/logo\\\/image\\\/\",\"url\":\"https:\\\/\\\/art.if.com.tr\\\/wp-content\\\/uploads\\\/2022\\\/07\\\/150x150-iF-Art-logo-e1658997012336.png\",\"contentUrl\":\"https:\\\/\\\/art.if.com.tr\\\/wp-content\\\/uploads\\\/2022\\\/07\\\/150x150-iF-Art-logo-e1658997012336.png\",\"width\":150,\"height\":118,\"caption\":\"Emel - Orhan Karado\u011fan Koleksiyonu\"},\"image\":{\"@id\":\"https:\\\/\\\/art.if.com.tr\\\/#\\\/schema\\\/logo\\\/image\\\/\"}}]}<\/script>\n<!-- \/ Yoast SEO plugin. -->","yoast_head_json":{"title":"C-\u00c7 - Emel - Orhan Karado\u011fan Koleksiyonu","robots":{"index":"index","follow":"follow","max-snippet":"max-snippet:-1","max-image-preview":"max-image-preview:large","max-video-preview":"max-video-preview:-1"},"canonical":"https:\/\/art.if.com.tr\/?page_id=23685","og_locale":"tr_TR","og_type":"article","og_title":"C-\u00c7 - Emel - Orhan Karado\u011fan Koleksiyonu","og_description":"Can G\u00f6knil Can Karado\u011fan Caner Ekin Carlos Diaz Sanchez Cavit Atmaca Cemal G\u00fcven\u00e7 Cemil \u00dcnl\u00fct\u00fcrk G\u00f6k\u00e7en Ta\u015fk\u0131ran Cemile \u00c7evik Cengiz U\u011fur Ceren Uca \u00c7etin Erokay Ceylan E\u015fit Charlotte Cihat \u00d6zegemen \u00c7oban Ressam Counsell Cuma Ocakl\u0131","og_url":"https:\/\/art.if.com.tr\/?page_id=23685","og_site_name":"Emel - Orhan Karado\u011fan Koleksiyonu","article_modified_time":"2024-03-18T12:00:10+00:00","twitter_card":"summary_large_image","schema":{"@context":"https:\/\/schema.org","@graph":[{"@type":"WebPage","@id":"https:\/\/art.if.com.tr\/?page_id=23685","url":"https:\/\/art.if.com.tr\/?page_id=23685","name":"C-\u00c7 - Emel - Orhan Karado\u011fan Koleksiyonu","isPartOf":{"@id":"https:\/\/art.if.com.tr\/#website"},"datePublished":"2022-08-09T16:09:57+00:00","dateModified":"2024-03-18T12:00:10+00:00","breadcrumb":{"@id":"https:\/\/art.if.com.tr\/?page_id=23685#breadcrumb"},"inLanguage":"tr","potentialAction":[{"@type":"ReadAction","target":["https:\/\/art.if.com.tr\/?page_id=23685"]}]},{"@type":"BreadcrumbList","@id":"https:\/\/art.if.com.tr\/?page_id=23685#breadcrumb","itemListElement":[{"@type":"ListItem","position":1,"name":"Anasayfa","item":"https:\/\/art.if.com.tr\/"},{"@type":"ListItem","position":2,"name":"Eserler","item":"https:\/\/art.if.com.tr\/?page_id=23674"},{"@type":"ListItem","position":3,"name":"C-\u00c7"}]},{"@type":"WebSite","@id":"https:\/\/art.if.com.tr\/#website","url":"https:\/\/art.if.com.tr\/","name":"Emel - Orhan Karado\u011fan Koleksiyonu","description":"","publisher":{"@id":"https:\/\/art.if.com.tr\/#organization"},"potentialAction":[{"@type":"SearchAction","target":{"@type":"EntryPoint","urlTemplate":"https:\/\/art.if.com.tr\/?s={search_term_string}"},"query-input":{"@type":"PropertyValueSpecification","valueRequired":true,"valueName":"search_term_string"}}],"inLanguage":"tr"},{"@type":"Organization","@id":"https:\/\/art.if.com.tr\/#organization","name":"Emel - Orhan Karado\u011fan Koleksiyonu","url":"https:\/\/art.if.com.tr\/","logo":{"@type":"ImageObject","inLanguage":"tr","@id":"https:\/\/art.if.com.tr\/#\/schema\/logo\/image\/","url":"https:\/\/art.if.com.tr\/wp-content\/uploads\/2022\/07\/150x150-iF-Art-logo-e1658997012336.png","contentUrl":"https:\/\/art.if.com.tr\/wp-content\/uploads\/2022\/07\/150x150-iF-Art-logo-e1658997012336.png","width":150,"height":118,"caption":"Emel - Orhan Karado\u011fan Koleksiyonu"},"image":{"@id":"https:\/\/art.if.com.tr\/#\/schema\/logo\/image\/"}}]}},"_links":{"self":[{"href":"https:\/\/art.if.com.tr\/index.php?rest_route=\/wp\/v2\/pages\/23685","targetHints":{"allow":["GET"]}}],"collection":[{"href":"https:\/\/art.if.com.tr\/index.php?rest_route=\/wp\/v2\/pages"}],"about":[{"href":"https:\/\/art.if.com.tr\/index.php?rest_route=\/wp\/v2\/types\/page"}],"author":[{"embeddable":true,"href":"https:\/\/art.if.com.tr\/index.php?rest_route=\/wp\/v2\/users\/1"}],"replies":[{"embeddable":true,"href":"https:\/\/art.if.com.tr\/index.php?rest_route=%2Fwp%2Fv2%2Fcomments&post=23685"}],"version-history":[{"count":3,"href":"https:\/\/art.if.com.tr\/index.php?rest_route=\/wp\/v2\/pages\/23685\/revisions"}],"predecessor-version":[{"id":24955,"href":"https:\/\/art.if.com.tr\/index.php?rest_route=\/wp\/v2\/pages\/23685\/revisions\/24955"}],"up":[{"embeddable":true,"href":"https:\/\/art.if.com.tr\/index.php?rest_route=\/wp\/v2\/pages\/23674"}],"wp:attachment":[{"href":"https:\/\/art.if.com.tr\/index.php?rest_route=%2Fwp%2Fv2%2Fmedia&parent=23685"}],"curies":[{"name":"wp","href":"https:\/\/api.w.org\/{rel}","templated":true}]}}