{"id":23683,"date":"2022-08-09T18:51:24","date_gmt":"2022-08-09T15:51:24","guid":{"rendered":"https:\/\/art.if.com.tr\/?page_id=23683"},"modified":"2023-03-21T12:38:27","modified_gmt":"2023-03-21T09:38:27","slug":"b","status":"publish","type":"page","link":"https:\/\/art.if.com.tr\/?page_id=23683","title":{"rendered":"B"},"content":{"rendered":"<div id=\"pl-gb23683-69f74f6b65372\"  class=\"panel-layout\" ><div id=\"pg-gb23683-69f74f6b65372-0\"  class=\"panel-grid panel-no-style\" ><div id=\"pgc-gb23683-69f74f6b65372-0-0\"  class=\"panel-grid-cell panel-grid-cell-empty\" ><\/div><div id=\"pgc-gb23683-69f74f6b65372-0-1\"  class=\"panel-grid-cell\" ><div id=\"panel-gb23683-69f74f6b65372-0-1-0\" class=\"so-panel widget widget_sow-editor panel-first-child panel-last-child\" data-index=\"0\" ><div\n\t\t\t\n\t\t\tclass=\"so-widget-sow-editor so-widget-sow-editor-base\"\n\t\t\t\n\t\t>\n<div class=\"siteorigin-widget-tinymce textwidget\">\n\t<ul class=\"children\">\n<li id=\"category-473\"><a href=\"https:\/\/art.if.com.tr\/?cat=473\">B Tadaollkuvi<\/a><\/li>\n<li id=\"category-454\"><a href=\"https:\/\/art.if.com.tr\/?cat=454\">B Wuciguzuman<\/a><\/li>\n<li id=\"category-457\"><a href=\"https:\/\/art.if.com.tr\/?cat=457\">Babulal Taipur<\/a><\/li>\n<li id=\"category-232\"><a href=\"https:\/\/art.if.com.tr\/?cat=232\">Ba\u011fdag\u00fcl Demirt\u00fcrk<\/a><\/li>\n<li id=\"category-285\"><a href=\"https:\/\/art.if.com.tr\/?cat=285\">Bahri Gen\u00e7<\/a><\/li>\n<li id=\"category-494\"><a href=\"https:\/\/art.if.com.tr\/?cat=494\">Banu Yal\u00e7\u0131n<\/a><\/li>\n<li id=\"category-369\"><a href=\"https:\/\/art.if.com.tr\/?cat=369\">Baran Alkaner<\/a><\/li>\n<li id=\"category-340\"><a href=\"https:\/\/art.if.com.tr\/?cat=340\">Bar\u0131\u015f Cihano\u011flu<\/a><\/li>\n<li id=\"category-383\"><a href=\"https:\/\/art.if.com.tr\/?cat=383\">Bar\u0131\u015f Demirba\u015f<\/a><\/li>\n<li id=\"category-187\"><a href=\"https:\/\/art.if.com.tr\/?cat=187\">Bar\u0131\u015f Ery\u00fccel<\/a><\/li>\n<li id=\"category-28\"><a href=\"https:\/\/art.if.com.tr\/?cat=28\">Bar\u0131\u015f \u0130lkhan<\/a><\/li>\n<li id=\"category-493\"><a href=\"https:\/\/art.if.com.tr\/?cat=493\">Bar\u0131\u015f Sar\u0131ba\u015f<\/a><\/li>\n<li><a href=\"https:\/\/art.if.com.tr\/?cat=832\">Batur \u0130nan<\/a><\/li>\n<li id=\"category-29\"><a href=\"https:\/\/art.if.com.tr\/?cat=29\">Bayram G\u00fcm\u00fc\u015f<\/a><\/li>\n<li id=\"category-498\"><a href=\"https:\/\/art.if.com.tr\/?cat=498\">Bedri Rahmi Ey\u00fcbo\u011flu<\/a><\/li>\n<li id=\"category-497\"><a href=\"https:\/\/art.if.com.tr\/?cat=497\">Bedriye \u00c7etinkaya<\/a><\/li>\n<li id=\"category-424\"><a href=\"https:\/\/art.if.com.tr\/?cat=424\">Bekov Kader<\/a><\/li>\n<li id=\"category-495\"><a href=\"https:\/\/art.if.com.tr\/?cat=495\">Belgin Atalay<\/a><\/li>\n<li id=\"category-496\"><a href=\"https:\/\/art.if.com.tr\/?cat=496\">Bet\u00fcl Bapir<\/a><\/li>\n<li id=\"category-31\"><a href=\"https:\/\/art.if.com.tr\/?cat=31\">Beyza Boynudelik<\/a><\/li>\n<li id=\"category-501\"><a href=\"https:\/\/art.if.com.tr\/?cat=501\">Birol Kutadgu<\/a><\/li>\n<li id=\"category-462\"><a href=\"https:\/\/art.if.com.tr\/?cat=462\">Blonin George<\/a><\/li>\n<li id=\"category-148\"><a href=\"https:\/\/art.if.com.tr\/?cat=148\">Bora Ba\u015fkan<\/a><\/li>\n<li id=\"category-32\"><a href=\"https:\/\/art.if.com.tr\/?cat=32\">B\u00fclent Demir<\/a><\/li>\n<li id=\"category-291\"><a href=\"https:\/\/art.if.com.tr\/?cat=291\">Bur\u00e7in Erdi<\/a><\/li>\n<li id=\"category-226\"><a href=\"https:\/\/art.if.com.tr\/?cat=226\">Burcu G\u00fcnay<\/a><\/li>\n<li id=\"category-293\"><a href=\"https:\/\/art.if.com.tr\/?cat=293\">Burcu U\u011furlu<\/a><\/li>\n<li id=\"category-499\"><a href=\"https:\/\/art.if.com.tr\/?cat=499\">Burhan Uygur<\/a><\/li>\n<li id=\"category-500\"><a href=\"https:\/\/art.if.com.tr\/?cat=500\">Burhan Y\u0131ld\u0131r\u0131m<\/a><\/li>\n<li id=\"category-331\"><a href=\"https:\/\/art.if.com.tr\/?cat=331\">Burhan Y\u0131lmaz<\/a><\/li>\n<li id=\"category-162\" class=\"\">Bursiyerler\n<ul class=\"children\">\n<li id=\"category-163\"><a href=\"https:\/\/art.if.com.tr\/?cat=163\">Alperen Akg\u00fcl<\/a><\/li>\n<li id=\"category-164\"><a href=\"https:\/\/art.if.com.tr\/?cat=164\">Ay\u015feg\u00fcl Damla Y\u0131lmaz<\/a><\/li>\n<li id=\"category-165\"><a href=\"https:\/\/art.if.com.tr\/?cat=165\">Bahar Uyar<\/a><\/li>\n<li id=\"category-306\"><a href=\"https:\/\/art.if.com.tr\/?cat=306\">B\u00fc\u015fra \u00dcz\u00fcmc\u00fc<\/a><\/li>\n<li id=\"category-166\"><a href=\"https:\/\/art.if.com.tr\/?cat=166\">Dursun Sude K\u0131rcal\u0131<\/a><\/li>\n<li id=\"category-211\"><a href=\"https:\/\/art.if.com.tr\/?cat=211\">Emirhan B\u0131\u00e7ak\u00e7\u0131<\/a><\/li>\n<li id=\"category-167\"><a href=\"https:\/\/art.if.com.tr\/?cat=167\">Enisa Sine<\/a><\/li>\n<li id=\"category-168\"><a href=\"https:\/\/art.if.com.tr\/?cat=168\">Erkan \u015eakar<\/a><\/li>\n<li id=\"category-295\"><a href=\"https:\/\/art.if.com.tr\/?cat=295\">Ersin Do\u011fan<\/a><\/li>\n<li id=\"category-169\"><a href=\"https:\/\/art.if.com.tr\/?cat=169\">Esma Varol<\/a><\/li>\n<li id=\"category-170\"><a href=\"https:\/\/art.if.com.tr\/?cat=170\">Eyl\u00fcl Asil<\/a><\/li>\n<li id=\"category-171\"><a href=\"https:\/\/art.if.com.tr\/?cat=171\">Hazal \u0130kra Y\u00fccel<\/a><\/li>\n<li id=\"category-278\"><a href=\"https:\/\/art.if.com.tr\/?cat=278\">\u0130ffet Reyhan Fidan<\/a><\/li>\n<li id=\"category-172\"><a href=\"https:\/\/art.if.com.tr\/?cat=172\">Melahat Bac\u0131<\/a><\/li>\n<li id=\"category-173\"><a href=\"https:\/\/art.if.com.tr\/?cat=173\">Melih Kuyulu<\/a><\/li>\n<li id=\"category-174\"><a href=\"https:\/\/art.if.com.tr\/?cat=174\">Melisa \u00d6ncel<\/a><\/li>\n<li id=\"category-175\"><a href=\"https:\/\/art.if.com.tr\/?cat=175\">Nesibe G\u00fcm\u00fc\u015f<\/a><\/li>\n<li id=\"category-176\"><a href=\"https:\/\/art.if.com.tr\/?cat=176\">Nimet Dilsiz<\/a><\/li>\n<li id=\"category-177\"><a href=\"https:\/\/art.if.com.tr\/?cat=177\">Roserin \u00d6zdemir<\/a><\/li>\n<li id=\"category-271\"><a href=\"https:\/\/art.if.com.tr\/?cat=271\">R\u00fczgar Fidan<\/a><\/li>\n<li id=\"category-178\"><a href=\"https:\/\/art.if.com.tr\/?cat=178\">Sad\u0131k Macit<\/a><\/li>\n<li id=\"category-179\"><a href=\"https:\/\/art.if.com.tr\/?cat=179\">Se\u00e7il G\u00fcner<\/a><\/li>\n<li id=\"category-349\"><a href=\"https:\/\/art.if.com.tr\/?cat=349\">\u015eevval O\u011fuz<\/a><\/li>\n<li id=\"category-180\"><a href=\"https:\/\/art.if.com.tr\/?cat=180\">Tuana Tosun<\/a><\/li>\n<li id=\"category-181\"><a href=\"https:\/\/art.if.com.tr\/?cat=181\">Yasin K\u0131l\u0131\u00e7<\/a><\/li>\n<li id=\"category-307\"><a href=\"https:\/\/art.if.com.tr\/?cat=307\">Zeynep Pehlivan<\/a><\/li>\n<li id=\"category-182\"><a href=\"https:\/\/art.if.com.tr\/?cat=182\">Z\u00fcleyha G\u00fcne\u015f<\/a><\/li>\n<\/ul>\n<\/li>\n<\/ul>\n<\/div>\n<\/div><\/div><\/div><\/div><\/div>","protected":false},"excerpt":{"rendered":"<p>B Tadaollkuvi B Wuciguzuman Babulal Taipur Ba\u011fdag\u00fcl Demirt\u00fcrk Bahri Gen\u00e7 Banu Yal\u00e7\u0131n Baran Alkaner Bar\u0131\u015f Cihano\u011flu Bar\u0131\u015f Demirba\u015f Bar\u0131\u015f Ery\u00fccel Bar\u0131\u015f \u0130lkhan Bar\u0131\u015f Sar\u0131ba\u015f Batur \u0130nan Bayram G\u00fcm\u00fc\u015f Bedri Rahmi Ey\u00fcbo\u011flu Bedriye \u00c7etinkaya Bekov Kader Belgin Atalay Bet\u00fcl Bapir Beyza Boynudelik Birol Kutadgu Blonin George Bora Ba\u015fkan B\u00fclent Demir Bur\u00e7in Erdi Burcu G\u00fcnay Burcu U\u011furlu &hellip; <\/p>\n","protected":false},"author":1,"featured_media":0,"parent":23674,"menu_order":1,"comment_status":"closed","ping_status":"closed","template":"","meta":{"footnotes":""},"class_list":["post-23683","page","type-page","status-publish","hentry"],"yoast_head":"<!-- This site is optimized with the Yoast SEO plugin v27.5 - https:\/\/yoast.com\/product\/yoast-seo-wordpress\/ -->\n<title>B - Emel - Orhan Karado\u011fan Koleksiyonu<\/title>\n<meta name=\"robots\" content=\"index, follow, max-snippet:-1, max-image-preview:large, max-video-preview:-1\" \/>\n<link rel=\"canonical\" href=\"https:\/\/art.if.com.tr\/?page_id=23683\" \/>\n<meta property=\"og:locale\" content=\"tr_TR\" \/>\n<meta property=\"og:type\" content=\"article\" \/>\n<meta property=\"og:title\" content=\"B - Emel - Orhan Karado\u011fan Koleksiyonu\" \/>\n<meta property=\"og:description\" content=\"B Tadaollkuvi B Wuciguzuman Babulal Taipur Ba\u011fdag\u00fcl Demirt\u00fcrk Bahri Gen\u00e7 Banu Yal\u00e7\u0131n Baran Alkaner Bar\u0131\u015f Cihano\u011flu Bar\u0131\u015f Demirba\u015f Bar\u0131\u015f Ery\u00fccel Bar\u0131\u015f \u0130lkhan Bar\u0131\u015f Sar\u0131ba\u015f Batur \u0130nan Bayram G\u00fcm\u00fc\u015f Bedri Rahmi Ey\u00fcbo\u011flu Bedriye \u00c7etinkaya Bekov Kader Belgin Atalay Bet\u00fcl Bapir Beyza Boynudelik Birol Kutadgu Blonin George Bora Ba\u015fkan B\u00fclent Demir Bur\u00e7in Erdi Burcu G\u00fcnay Burcu U\u011furlu &hellip;\" \/>\n<meta property=\"og:url\" content=\"https:\/\/art.if.com.tr\/?page_id=23683\" \/>\n<meta property=\"og:site_name\" content=\"Emel - Orhan Karado\u011fan Koleksiyonu\" \/>\n<meta property=\"article:modified_time\" content=\"2023-03-21T09:38:27+00:00\" \/>\n<meta name=\"twitter:card\" content=\"summary_large_image\" \/>\n<meta name=\"twitter:label1\" content=\"Tahmini okuma s\u00fcresi\" \/>\n\t<meta name=\"twitter:data1\" content=\"1 dakika\" \/>\n<script type=\"application\/ld+json\" class=\"yoast-schema-graph\">{\"@context\":\"https:\\\/\\\/schema.org\",\"@graph\":[{\"@type\":\"WebPage\",\"@id\":\"https:\\\/\\\/art.if.com.tr\\\/?page_id=23683\",\"url\":\"https:\\\/\\\/art.if.com.tr\\\/?page_id=23683\",\"name\":\"B - Emel - Orhan Karado\u011fan Koleksiyonu\",\"isPartOf\":{\"@id\":\"https:\\\/\\\/art.if.com.tr\\\/#website\"},\"datePublished\":\"2022-08-09T15:51:24+00:00\",\"dateModified\":\"2023-03-21T09:38:27+00:00\",\"breadcrumb\":{\"@id\":\"https:\\\/\\\/art.if.com.tr\\\/?page_id=23683#breadcrumb\"},\"inLanguage\":\"tr\",\"potentialAction\":[{\"@type\":\"ReadAction\",\"target\":[\"https:\\\/\\\/art.if.com.tr\\\/?page_id=23683\"]}]},{\"@type\":\"BreadcrumbList\",\"@id\":\"https:\\\/\\\/art.if.com.tr\\\/?page_id=23683#breadcrumb\",\"itemListElement\":[{\"@type\":\"ListItem\",\"position\":1,\"name\":\"Anasayfa\",\"item\":\"https:\\\/\\\/art.if.com.tr\\\/\"},{\"@type\":\"ListItem\",\"position\":2,\"name\":\"Eserler\",\"item\":\"https:\\\/\\\/art.if.com.tr\\\/?page_id=23674\"},{\"@type\":\"ListItem\",\"position\":3,\"name\":\"B\"}]},{\"@type\":\"WebSite\",\"@id\":\"https:\\\/\\\/art.if.com.tr\\\/#website\",\"url\":\"https:\\\/\\\/art.if.com.tr\\\/\",\"name\":\"Emel - Orhan Karado\u011fan Koleksiyonu\",\"description\":\"\",\"publisher\":{\"@id\":\"https:\\\/\\\/art.if.com.tr\\\/#organization\"},\"potentialAction\":[{\"@type\":\"SearchAction\",\"target\":{\"@type\":\"EntryPoint\",\"urlTemplate\":\"https:\\\/\\\/art.if.com.tr\\\/?s={search_term_string}\"},\"query-input\":{\"@type\":\"PropertyValueSpecification\",\"valueRequired\":true,\"valueName\":\"search_term_string\"}}],\"inLanguage\":\"tr\"},{\"@type\":\"Organization\",\"@id\":\"https:\\\/\\\/art.if.com.tr\\\/#organization\",\"name\":\"Emel - Orhan Karado\u011fan Koleksiyonu\",\"url\":\"https:\\\/\\\/art.if.com.tr\\\/\",\"logo\":{\"@type\":\"ImageObject\",\"inLanguage\":\"tr\",\"@id\":\"https:\\\/\\\/art.if.com.tr\\\/#\\\/schema\\\/logo\\\/image\\\/\",\"url\":\"https:\\\/\\\/art.if.com.tr\\\/wp-content\\\/uploads\\\/2022\\\/07\\\/150x150-iF-Art-logo-e1658997012336.png\",\"contentUrl\":\"https:\\\/\\\/art.if.com.tr\\\/wp-content\\\/uploads\\\/2022\\\/07\\\/150x150-iF-Art-logo-e1658997012336.png\",\"width\":150,\"height\":118,\"caption\":\"Emel - Orhan Karado\u011fan Koleksiyonu\"},\"image\":{\"@id\":\"https:\\\/\\\/art.if.com.tr\\\/#\\\/schema\\\/logo\\\/image\\\/\"}}]}<\/script>\n<!-- \/ Yoast SEO plugin. -->","yoast_head_json":{"title":"B - Emel - Orhan Karado\u011fan Koleksiyonu","robots":{"index":"index","follow":"follow","max-snippet":"max-snippet:-1","max-image-preview":"max-image-preview:large","max-video-preview":"max-video-preview:-1"},"canonical":"https:\/\/art.if.com.tr\/?page_id=23683","og_locale":"tr_TR","og_type":"article","og_title":"B - Emel - Orhan Karado\u011fan Koleksiyonu","og_description":"B Tadaollkuvi B Wuciguzuman Babulal Taipur Ba\u011fdag\u00fcl Demirt\u00fcrk Bahri Gen\u00e7 Banu Yal\u00e7\u0131n Baran Alkaner Bar\u0131\u015f Cihano\u011flu Bar\u0131\u015f Demirba\u015f Bar\u0131\u015f Ery\u00fccel Bar\u0131\u015f \u0130lkhan Bar\u0131\u015f Sar\u0131ba\u015f Batur \u0130nan Bayram G\u00fcm\u00fc\u015f Bedri Rahmi Ey\u00fcbo\u011flu Bedriye \u00c7etinkaya Bekov Kader Belgin Atalay Bet\u00fcl Bapir Beyza Boynudelik Birol Kutadgu Blonin George Bora Ba\u015fkan B\u00fclent Demir Bur\u00e7in Erdi Burcu G\u00fcnay Burcu U\u011furlu &hellip;","og_url":"https:\/\/art.if.com.tr\/?page_id=23683","og_site_name":"Emel - Orhan Karado\u011fan Koleksiyonu","article_modified_time":"2023-03-21T09:38:27+00:00","twitter_card":"summary_large_image","twitter_misc":{"Tahmini okuma s\u00fcresi":"1 dakika"},"schema":{"@context":"https:\/\/schema.org","@graph":[{"@type":"WebPage","@id":"https:\/\/art.if.com.tr\/?page_id=23683","url":"https:\/\/art.if.com.tr\/?page_id=23683","name":"B - Emel - Orhan Karado\u011fan Koleksiyonu","isPartOf":{"@id":"https:\/\/art.if.com.tr\/#website"},"datePublished":"2022-08-09T15:51:24+00:00","dateModified":"2023-03-21T09:38:27+00:00","breadcrumb":{"@id":"https:\/\/art.if.com.tr\/?page_id=23683#breadcrumb"},"inLanguage":"tr","potentialAction":[{"@type":"ReadAction","target":["https:\/\/art.if.com.tr\/?page_id=23683"]}]},{"@type":"BreadcrumbList","@id":"https:\/\/art.if.com.tr\/?page_id=23683#breadcrumb","itemListElement":[{"@type":"ListItem","position":1,"name":"Anasayfa","item":"https:\/\/art.if.com.tr\/"},{"@type":"ListItem","position":2,"name":"Eserler","item":"https:\/\/art.if.com.tr\/?page_id=23674"},{"@type":"ListItem","position":3,"name":"B"}]},{"@type":"WebSite","@id":"https:\/\/art.if.com.tr\/#website","url":"https:\/\/art.if.com.tr\/","name":"Emel - Orhan Karado\u011fan Koleksiyonu","description":"","publisher":{"@id":"https:\/\/art.if.com.tr\/#organization"},"potentialAction":[{"@type":"SearchAction","target":{"@type":"EntryPoint","urlTemplate":"https:\/\/art.if.com.tr\/?s={search_term_string}"},"query-input":{"@type":"PropertyValueSpecification","valueRequired":true,"valueName":"search_term_string"}}],"inLanguage":"tr"},{"@type":"Organization","@id":"https:\/\/art.if.com.tr\/#organization","name":"Emel - Orhan Karado\u011fan Koleksiyonu","url":"https:\/\/art.if.com.tr\/","logo":{"@type":"ImageObject","inLanguage":"tr","@id":"https:\/\/art.if.com.tr\/#\/schema\/logo\/image\/","url":"https:\/\/art.if.com.tr\/wp-content\/uploads\/2022\/07\/150x150-iF-Art-logo-e1658997012336.png","contentUrl":"https:\/\/art.if.com.tr\/wp-content\/uploads\/2022\/07\/150x150-iF-Art-logo-e1658997012336.png","width":150,"height":118,"caption":"Emel - Orhan Karado\u011fan Koleksiyonu"},"image":{"@id":"https:\/\/art.if.com.tr\/#\/schema\/logo\/image\/"}}]}},"_links":{"self":[{"href":"https:\/\/art.if.com.tr\/index.php?rest_route=\/wp\/v2\/pages\/23683","targetHints":{"allow":["GET"]}}],"collection":[{"href":"https:\/\/art.if.com.tr\/index.php?rest_route=\/wp\/v2\/pages"}],"about":[{"href":"https:\/\/art.if.com.tr\/index.php?rest_route=\/wp\/v2\/types\/page"}],"author":[{"embeddable":true,"href":"https:\/\/art.if.com.tr\/index.php?rest_route=\/wp\/v2\/users\/1"}],"replies":[{"embeddable":true,"href":"https:\/\/art.if.com.tr\/index.php?rest_route=%2Fwp%2Fv2%2Fcomments&post=23683"}],"version-history":[{"count":3,"href":"https:\/\/art.if.com.tr\/index.php?rest_route=\/wp\/v2\/pages\/23683\/revisions"}],"predecessor-version":[{"id":24272,"href":"https:\/\/art.if.com.tr\/index.php?rest_route=\/wp\/v2\/pages\/23683\/revisions\/24272"}],"up":[{"embeddable":true,"href":"https:\/\/art.if.com.tr\/index.php?rest_route=\/wp\/v2\/pages\/23674"}],"wp:attachment":[{"href":"https:\/\/art.if.com.tr\/index.php?rest_route=%2Fwp%2Fv2%2Fmedia&parent=23683"}],"curies":[{"name":"wp","href":"https:\/\/api.w.org\/{rel}","templated":true}]}}