{"id":23674,"date":"2022-08-09T12:08:14","date_gmt":"2022-08-09T09:08:14","guid":{"rendered":"https:\/\/art.if.com.tr\/?page_id=23674"},"modified":"2022-08-15T14:39:31","modified_gmt":"2022-08-15T11:39:31","slug":"eserler","status":"publish","type":"page","link":"https:\/\/art.if.com.tr\/?page_id=23674","title":{"rendered":"Eserler"},"content":{"rendered":"<div id=\"pl-gb23674-69f73d41d0f7a\"  class=\"panel-layout\" ><div id=\"pg-gb23674-69f73d41d0f7a-0\"  class=\"panel-grid panel-no-style\" ><div id=\"pgc-gb23674-69f73d41d0f7a-0-0\"  class=\"panel-grid-cell\" ><div id=\"panel-gb23674-69f73d41d0f7a-0-0-0\" class=\"so-panel widget widget_sow-editor panel-first-child panel-last-child\" data-index=\"0\" ><div\n\t\t\t\n\t\t\tclass=\"so-widget-sow-editor so-widget-sow-editor-base\"\n\t\t\t\n\t\t>\n<div class=\"siteorigin-widget-tinymce textwidget\">\n\t<table style=\"height: 144px; width: 86.4465%; border-collapse: collapse; border-style: hidden;\" border=\"1\">\n<tbody>\n<tr style=\"height: 24px;\">\n<td style=\"width: 25%; height: 24px; border-style: hidden;\"><a href=\"https:\/\/art.if.com.tr\/?page_id=23680\">A<\/a><\/td>\n<td style=\"width: 25%; height: 24px; border-style: hidden;\"><a href=\"https:\/\/art.if.com.tr\/?page_id=23683\">B<\/a><\/td>\n<td style=\"width: 25%; height: 24px; border-style: hidden;\"><a href=\"https:\/\/art.if.com.tr\/?page_id=23685\">C-\u00c7<\/a><\/td>\n<td style=\"width: 25%; height: 24px; border-style: hidden;\"><a href=\"https:\/\/art.if.com.tr\/?page_id=23694\">D<\/a><\/td>\n<\/tr>\n<tr style=\"height: 24px;\">\n<td style=\"width: 25%; height: 24px; border-style: hidden;\"><a href=\"https:\/\/art.if.com.tr\/?page_id=23698\">E<\/a><\/td>\n<td style=\"width: 25%; height: 24px; border-style: hidden;\"><a href=\"https:\/\/art.if.com.tr\/?page_id=23701\">F<\/a><\/td>\n<td style=\"width: 25%; height: 24px; border-style: hidden;\"><a href=\"https:\/\/art.if.com.tr\/?page_id=23703\">G<\/a><\/td>\n<td style=\"width: 25%; height: 24px; border-style: hidden;\"><a href=\"https:\/\/art.if.com.tr\/?page_id=23708\">H<\/a><\/td>\n<\/tr>\n<tr style=\"height: 24px;\">\n<td style=\"width: 25%; height: 24px; border-style: hidden;\"><a href=\"https:\/\/art.if.com.tr\/?page_id=23710\">I-\u0130<\/a><\/td>\n<td style=\"width: 25%; height: 24px; border-style: hidden;\"><a href=\"https:\/\/art.if.com.tr\/?page_id=23712\">J<\/a><\/td>\n<td style=\"width: 25%; height: 24px; border-style: hidden;\"><a href=\"https:\/\/art.if.com.tr\/?page_id=23714\">K<\/a><\/td>\n<td style=\"width: 25%; height: 24px; border-style: hidden;\"><a href=\"https:\/\/art.if.com.tr\/?page_id=23716\">L<\/a><\/td>\n<\/tr>\n<tr style=\"height: 24px;\">\n<td style=\"width: 25%; height: 24px; border-style: hidden;\"><a href=\"https:\/\/art.if.com.tr\/?page_id=23718\">M<\/a><\/td>\n<td style=\"width: 25%; height: 24px; border-style: hidden;\"><a href=\"https:\/\/art.if.com.tr\/?page_id=23720\">N<\/a><\/td>\n<td style=\"width: 25%; height: 24px; border-style: hidden;\"><a href=\"https:\/\/art.if.com.tr\/?page_id=23723\">O-\u00d6<\/a><\/td>\n<td style=\"width: 25%; height: 24px; border-style: hidden;\"><a href=\"https:\/\/art.if.com.tr\/?page_id=23726\">P<\/a><\/td>\n<\/tr>\n<tr style=\"height: 24px;\">\n<td style=\"width: 25%; height: 24px; border-style: hidden;\"><a href=\"https:\/\/art.if.com.tr\/?page_id=23728\">Q<\/a><\/td>\n<td style=\"width: 25%; height: 24px; border-style: hidden;\"><a href=\"https:\/\/art.if.com.tr\/?page_id=23730\">R<\/a><\/td>\n<td style=\"width: 25%; height: 24px; border-style: hidden;\"><a href=\"https:\/\/art.if.com.tr\/?page_id=23735\">S-\u015e<\/a><\/td>\n<td style=\"width: 25%; height: 24px; border-style: hidden;\"><a href=\"https:\/\/art.if.com.tr\/?page_id=23738\">T<\/a><\/td>\n<\/tr>\n<tr style=\"height: 24px;\">\n<td style=\"width: 25%; height: 24px; border-style: hidden;\"><a href=\"https:\/\/art.if.com.tr\/?page_id=23740\">U-\u00dc<\/a><\/td>\n<td style=\"width: 25%; height: 24px; border-style: hidden;\"><a href=\"https:\/\/art.if.com.tr\/?page_id=23742\">V<\/a><\/td>\n<td style=\"width: 25%; height: 24px; border-style: hidden;\"><a href=\"https:\/\/art.if.com.tr\/?page_id=23744\">Y<\/a><\/td>\n<td style=\"width: 25%; height: 24px; border-style: hidden;\"><a href=\"https:\/\/art.if.com.tr\/?page_id=23746\">Z<\/a><\/td>\n<\/tr>\n<\/tbody>\n<\/table>\n<\/div>\n<\/div><\/div><\/div><\/div><\/div>","protected":false},"excerpt":{"rendered":"<p>A B C-\u00c7 D E F G H I-\u0130 J K L M N O-\u00d6 P Q R S-\u015e T U-\u00dc V Y Z<\/p>\n","protected":false},"author":1,"featured_media":0,"parent":0,"menu_order":0,"comment_status":"closed","ping_status":"closed","template":"","meta":{"footnotes":""},"class_list":["post-23674","page","type-page","status-publish","hentry"],"yoast_head":"<!-- This site is optimized with the Yoast SEO plugin v27.5 - https:\/\/yoast.com\/product\/yoast-seo-wordpress\/ -->\n<title>Eserler - Emel - Orhan Karado\u011fan Koleksiyonu<\/title>\n<meta name=\"robots\" content=\"index, follow, max-snippet:-1, max-image-preview:large, max-video-preview:-1\" \/>\n<link rel=\"canonical\" href=\"https:\/\/art.if.com.tr\/?page_id=23674\" \/>\n<meta property=\"og:locale\" content=\"tr_TR\" \/>\n<meta property=\"og:type\" content=\"article\" \/>\n<meta property=\"og:title\" content=\"Eserler - Emel - Orhan Karado\u011fan Koleksiyonu\" \/>\n<meta property=\"og:description\" content=\"A B C-\u00c7 D E F G H I-\u0130 J K L M N O-\u00d6 P Q R S-\u015e T U-\u00dc V Y Z\" \/>\n<meta property=\"og:url\" content=\"https:\/\/art.if.com.tr\/?page_id=23674\" \/>\n<meta property=\"og:site_name\" content=\"Emel - Orhan Karado\u011fan Koleksiyonu\" \/>\n<meta property=\"article:modified_time\" content=\"2022-08-15T11:39:31+00:00\" \/>\n<meta name=\"twitter:card\" content=\"summary_large_image\" \/>\n<script type=\"application\/ld+json\" class=\"yoast-schema-graph\">{\"@context\":\"https:\\\/\\\/schema.org\",\"@graph\":[{\"@type\":\"WebPage\",\"@id\":\"https:\\\/\\\/art.if.com.tr\\\/?page_id=23674\",\"url\":\"https:\\\/\\\/art.if.com.tr\\\/?page_id=23674\",\"name\":\"Eserler - Emel - Orhan Karado\u011fan Koleksiyonu\",\"isPartOf\":{\"@id\":\"https:\\\/\\\/art.if.com.tr\\\/#website\"},\"datePublished\":\"2022-08-09T09:08:14+00:00\",\"dateModified\":\"2022-08-15T11:39:31+00:00\",\"breadcrumb\":{\"@id\":\"https:\\\/\\\/art.if.com.tr\\\/?page_id=23674#breadcrumb\"},\"inLanguage\":\"tr\",\"potentialAction\":[{\"@type\":\"ReadAction\",\"target\":[\"https:\\\/\\\/art.if.com.tr\\\/?page_id=23674\"]}]},{\"@type\":\"BreadcrumbList\",\"@id\":\"https:\\\/\\\/art.if.com.tr\\\/?page_id=23674#breadcrumb\",\"itemListElement\":[{\"@type\":\"ListItem\",\"position\":1,\"name\":\"Anasayfa\",\"item\":\"https:\\\/\\\/art.if.com.tr\\\/\"},{\"@type\":\"ListItem\",\"position\":2,\"name\":\"Eserler\"}]},{\"@type\":\"WebSite\",\"@id\":\"https:\\\/\\\/art.if.com.tr\\\/#website\",\"url\":\"https:\\\/\\\/art.if.com.tr\\\/\",\"name\":\"Emel - Orhan Karado\u011fan Koleksiyonu\",\"description\":\"\",\"publisher\":{\"@id\":\"https:\\\/\\\/art.if.com.tr\\\/#organization\"},\"potentialAction\":[{\"@type\":\"SearchAction\",\"target\":{\"@type\":\"EntryPoint\",\"urlTemplate\":\"https:\\\/\\\/art.if.com.tr\\\/?s={search_term_string}\"},\"query-input\":{\"@type\":\"PropertyValueSpecification\",\"valueRequired\":true,\"valueName\":\"search_term_string\"}}],\"inLanguage\":\"tr\"},{\"@type\":\"Organization\",\"@id\":\"https:\\\/\\\/art.if.com.tr\\\/#organization\",\"name\":\"Emel - Orhan Karado\u011fan Koleksiyonu\",\"url\":\"https:\\\/\\\/art.if.com.tr\\\/\",\"logo\":{\"@type\":\"ImageObject\",\"inLanguage\":\"tr\",\"@id\":\"https:\\\/\\\/art.if.com.tr\\\/#\\\/schema\\\/logo\\\/image\\\/\",\"url\":\"https:\\\/\\\/art.if.com.tr\\\/wp-content\\\/uploads\\\/2022\\\/07\\\/150x150-iF-Art-logo-e1658997012336.png\",\"contentUrl\":\"https:\\\/\\\/art.if.com.tr\\\/wp-content\\\/uploads\\\/2022\\\/07\\\/150x150-iF-Art-logo-e1658997012336.png\",\"width\":150,\"height\":118,\"caption\":\"Emel - Orhan Karado\u011fan Koleksiyonu\"},\"image\":{\"@id\":\"https:\\\/\\\/art.if.com.tr\\\/#\\\/schema\\\/logo\\\/image\\\/\"}}]}<\/script>\n<!-- \/ Yoast SEO plugin. -->","yoast_head_json":{"title":"Eserler - Emel - Orhan Karado\u011fan Koleksiyonu","robots":{"index":"index","follow":"follow","max-snippet":"max-snippet:-1","max-image-preview":"max-image-preview:large","max-video-preview":"max-video-preview:-1"},"canonical":"https:\/\/art.if.com.tr\/?page_id=23674","og_locale":"tr_TR","og_type":"article","og_title":"Eserler - Emel - Orhan Karado\u011fan Koleksiyonu","og_description":"A B C-\u00c7 D E F G H I-\u0130 J K L M N O-\u00d6 P Q R S-\u015e T U-\u00dc V Y Z","og_url":"https:\/\/art.if.com.tr\/?page_id=23674","og_site_name":"Emel - Orhan Karado\u011fan Koleksiyonu","article_modified_time":"2022-08-15T11:39:31+00:00","twitter_card":"summary_large_image","schema":{"@context":"https:\/\/schema.org","@graph":[{"@type":"WebPage","@id":"https:\/\/art.if.com.tr\/?page_id=23674","url":"https:\/\/art.if.com.tr\/?page_id=23674","name":"Eserler - Emel - Orhan Karado\u011fan Koleksiyonu","isPartOf":{"@id":"https:\/\/art.if.com.tr\/#website"},"datePublished":"2022-08-09T09:08:14+00:00","dateModified":"2022-08-15T11:39:31+00:00","breadcrumb":{"@id":"https:\/\/art.if.com.tr\/?page_id=23674#breadcrumb"},"inLanguage":"tr","potentialAction":[{"@type":"ReadAction","target":["https:\/\/art.if.com.tr\/?page_id=23674"]}]},{"@type":"BreadcrumbList","@id":"https:\/\/art.if.com.tr\/?page_id=23674#breadcrumb","itemListElement":[{"@type":"ListItem","position":1,"name":"Anasayfa","item":"https:\/\/art.if.com.tr\/"},{"@type":"ListItem","position":2,"name":"Eserler"}]},{"@type":"WebSite","@id":"https:\/\/art.if.com.tr\/#website","url":"https:\/\/art.if.com.tr\/","name":"Emel - Orhan Karado\u011fan Koleksiyonu","description":"","publisher":{"@id":"https:\/\/art.if.com.tr\/#organization"},"potentialAction":[{"@type":"SearchAction","target":{"@type":"EntryPoint","urlTemplate":"https:\/\/art.if.com.tr\/?s={search_term_string}"},"query-input":{"@type":"PropertyValueSpecification","valueRequired":true,"valueName":"search_term_string"}}],"inLanguage":"tr"},{"@type":"Organization","@id":"https:\/\/art.if.com.tr\/#organization","name":"Emel - Orhan Karado\u011fan Koleksiyonu","url":"https:\/\/art.if.com.tr\/","logo":{"@type":"ImageObject","inLanguage":"tr","@id":"https:\/\/art.if.com.tr\/#\/schema\/logo\/image\/","url":"https:\/\/art.if.com.tr\/wp-content\/uploads\/2022\/07\/150x150-iF-Art-logo-e1658997012336.png","contentUrl":"https:\/\/art.if.com.tr\/wp-content\/uploads\/2022\/07\/150x150-iF-Art-logo-e1658997012336.png","width":150,"height":118,"caption":"Emel - Orhan Karado\u011fan Koleksiyonu"},"image":{"@id":"https:\/\/art.if.com.tr\/#\/schema\/logo\/image\/"}}]}},"_links":{"self":[{"href":"https:\/\/art.if.com.tr\/index.php?rest_route=\/wp\/v2\/pages\/23674","targetHints":{"allow":["GET"]}}],"collection":[{"href":"https:\/\/art.if.com.tr\/index.php?rest_route=\/wp\/v2\/pages"}],"about":[{"href":"https:\/\/art.if.com.tr\/index.php?rest_route=\/wp\/v2\/types\/page"}],"author":[{"embeddable":true,"href":"https:\/\/art.if.com.tr\/index.php?rest_route=\/wp\/v2\/users\/1"}],"replies":[{"embeddable":true,"href":"https:\/\/art.if.com.tr\/index.php?rest_route=%2Fwp%2Fv2%2Fcomments&post=23674"}],"version-history":[{"count":11,"href":"https:\/\/art.if.com.tr\/index.php?rest_route=\/wp\/v2\/pages\/23674\/revisions"}],"predecessor-version":[{"id":23748,"href":"https:\/\/art.if.com.tr\/index.php?rest_route=\/wp\/v2\/pages\/23674\/revisions\/23748"}],"wp:attachment":[{"href":"https:\/\/art.if.com.tr\/index.php?rest_route=%2Fwp%2Fv2%2Fmedia&parent=23674"}],"curies":[{"name":"wp","href":"https:\/\/api.w.org\/{rel}","templated":true}]}}